{"id":261458,"date":"2023-05-10T07:37:34","date_gmt":"2023-05-10T07:37:34","guid":{"rendered":"https:\/\/bitecnology.com\/prodotto\/siebschuettler-fuer-glasuren-bi-s-v-130-200-240-320\/"},"modified":"2023-05-10T07:37:34","modified_gmt":"2023-05-10T05:37:34","slug":"siebschuettler-fuer-glasuren-bi-s-v-130-200-240-320","status":"publish","type":"product","link":"https:\/\/bitecnology.com\/de\/prodotto\/siebschuettler-fuer-glasuren-bi-s-v-130-200-240-320\/","title":{"rendered":"Siebsch\u00fcttler f\u00fcr Glasuren BI.S.V. 130 200 240 320"},"content":{"rendered":"\n<table id=\"tablepress-1\" class=\"tablepress tablepress-id-1\">\n<thead>\n<tr class=\"row-1\">\n\t<th class=\"column-1\">Modello<br \/>\nModel<br \/>\nModelo<\/th><th class=\"column-2\">Materiale costruttivo <br \/>\nMaterial of construction <br \/>\nMaterial de construcci\u00f3n<\/th><th class=\"column-3\">Potenza elettrica <br \/>\nElectric power <br \/>\nPotencia el\u00e9ctrica<\/th><th class=\"column-4\">RPM<\/th><th class=\"column-5\">Superfice vagliante Screening surface Superficie de cribado<\/th><th class=\"column-6\">Piani<br \/>\nDecks<br \/>\nPlanos<\/th>\n<\/tr>\n<\/thead>\n<tbody class=\"row-striping row-hover\">\n<tr class=\"row-2\">\n\t<td class=\"column-1\">BI.S.V. 130<\/td><td class=\"column-2\">Incoe AISI 304 L.\/ Stainless Steel \/ Inoxidable<\/td><td class=\"column-3\">0,09 Kw.<\/td><td class=\"column-4\">3000<\/td><td class=\"column-5\">Mq.\/Sq. Mt.\/M2 0,026 - 0,042<\/td><td class=\"column-6\">Max 1 - M\u00e1x 1<\/td>\n<\/tr>\n<tr class=\"row-3\">\n\t<td class=\"column-1\">BI.S.V. 200<\/td><td class=\"column-2\">Incoe AISI 304 L.\/ Stainless Steel \/ Inoxidable<\/td><td class=\"column-3\">0,09 Kw.<\/td><td class=\"column-4\">3000<\/td><td class=\"column-5\">Mq.\/Sq. Mt.\/M2 0,026 - 0,042<\/td><td class=\"column-6\">Max 1 - M\u00e1x 1<\/td>\n<\/tr>\n<tr class=\"row-4\">\n\t<td class=\"column-1\">BI.S.V. 240<\/td><td class=\"column-2\">Incoe AISI 304 L.\/ Stainless Steel \/ Inoxidable<\/td><td class=\"column-3\">0,09 Kw.<\/td><td class=\"column-4\">3000<\/td><td class=\"column-5\">Mq.\/Sq. Mt.\/M2 0,026 - 0,042<\/td><td class=\"column-6\">Max 1 - M\u00e1x 1<\/td>\n<\/tr>\n<tr class=\"row-5\">\n\t<td class=\"column-1\">BI.S.V. 320<\/td><td class=\"column-2\">Incoe AISI 304 L.\/ Stainless Steel \/ Inoxidable<\/td><td class=\"column-3\">0,09 Kw.<\/td><td class=\"column-4\">3000<\/td><td class=\"column-5\">Mq.\/Sq. Mt.\/M2 0,026 - 0,042<\/td><td class=\"column-6\">Max 1 - M\u00e1x 1<\/td>\n<\/tr>\n<\/tbody>\n<\/table>\n\n<span class=\"et_bloom_bottom_trigger\"><\/span>","protected":false},"excerpt":{"rendered":"<h2>Siebsch\u00fcttler f\u00fcr Glasuren<br \/>\nBI.S.V. 130 200 240 320<\/h2>\n<p><strong>Anwendungen:<\/strong><\/p>\n<ul>\n<li>In der Keramikindustrie, auf Glasurlinien, am Rand der Zuf\u00fchrbeh\u00e4lter angebracht, zur Kontrolle von Glasuren mit Verarbeitungsr\u00fcckst\u00e4nden.<\/li>\n<li>In Mahlabteilungen als Pr\u00fcftest mit Mahlr\u00fcckst\u00e4nden.<\/li>\n<li>In allen Industrien, wo eine Kontrollsiebung kleiner Produktmengen erforderlich ist.<\/li>\n<\/ul>\n<p><strong>Vorteile:<\/strong><\/p>\n<ul>\n<li>Hohe Siebgeschwindigkeit durch hohe Vibrationsfrequenz.<\/li>\n<li>Einfache Installation.<\/li>\n<li>Konstruktion aus Edelstahl AISI 304.<\/li>\n<li>Extrem kompakte Abmessungen.<\/li>\n<li>Geringe Ger\u00e4uschentwicklung<\/li>\n<li>G\u00fcnstiger Preis<\/li>\n<\/ul>\n<p><strong>Optional:<\/strong><\/p>\n<ul>\n<li>Diffusor.<\/li>\n<li>Edelstahlkn\u00f6pfe.<\/li>\n<li>Spannsystem mit Doppelnutring.<\/li>\n<li>Elektrischer Vibrationsmotor aus Edelstahl.<\/li>\n<li>Pneumatischer Vibrationsmotor.<\/li>\n<li>Edelstahlwagen. (Version BI.S.V. 130-200-240-320 CR) <\/li>\n<\/ul>\n","protected":false},"featured_media":258323,"comment_status":"open","ping_status":"closed","template":"","meta":{"_acf_changed":false,"_et_pb_use_builder":"off","_et_pb_old_content":"[table id=\"1\" \/]","_et_gb_content_width":""},"product_brand":[],"product_cat":[153,152,151,150],"product_tag":[154,155],"class_list":{"0":"post-261458","1":"product","2":"type-product","3":"status-publish","4":"has-post-thumbnail","6":"product_cat-keramikbereich","7":"product_cat-lebensmittelbereich","8":"product_cat-siebschuttler-fur-glasuren","9":"product_cat-vibrationssiebe","10":"product_tag-keramikbereich","11":"product_tag-lebensmittelbereich","13":"first","14":"instock","15":"shipping-taxable","16":"product-type-simple"},"acf":[],"_links":{"self":[{"href":"https:\/\/bitecnology.com\/de\/wp-json\/wp\/v2\/product\/261458","targetHints":{"allow":["GET"]}}],"collection":[{"href":"https:\/\/bitecnology.com\/de\/wp-json\/wp\/v2\/product"}],"about":[{"href":"https:\/\/bitecnology.com\/de\/wp-json\/wp\/v2\/types\/product"}],"replies":[{"embeddable":true,"href":"https:\/\/bitecnology.com\/de\/wp-json\/wp\/v2\/comments?post=261458"}],"wp:featuredmedia":[{"embeddable":true,"href":"https:\/\/bitecnology.com\/de\/wp-json\/wp\/v2\/media\/258323"}],"wp:attachment":[{"href":"https:\/\/bitecnology.com\/de\/wp-json\/wp\/v2\/media?parent=261458"}],"wp:term":[{"taxonomy":"product_brand","embeddable":true,"href":"https:\/\/bitecnology.com\/de\/wp-json\/wp\/v2\/product_brand?post=261458"},{"taxonomy":"product_cat","embeddable":true,"href":"https:\/\/bitecnology.com\/de\/wp-json\/wp\/v2\/product_cat?post=261458"},{"taxonomy":"product_tag","embeddable":true,"href":"https:\/\/bitecnology.com\/de\/wp-json\/wp\/v2\/product_tag?post=261458"}],"curies":[{"name":"wp","href":"https:\/\/api.w.org\/{rel}","templated":true}]}}