{"id":261461,"date":"2023-05-10T08:56:07","date_gmt":"2023-05-10T08:56:07","guid":{"rendered":"https:\/\/bitecnology.com\/prodotto\/bi-s-v-450-b-m\/"},"modified":"2023-05-10T08:56:07","modified_gmt":"2023-05-10T06:56:07","slug":"bi-s-v-450-b-m","status":"publish","type":"product","link":"https:\/\/bitecnology.com\/de\/prodotto\/bi-s-v-450-b-m\/","title":{"rendered":"BI.S.V. 450 B.M."},"content":{"rendered":"\n<table id=\"tablepress-2\" class=\"tablepress tablepress-id-2\">\n<thead>\n<tr class=\"row-1\">\n\t<th class=\"column-1\">Modello<br \/>\nModel<br \/>\nModelo<\/th><th class=\"column-2\">Materiale costruttivo <br \/>\nMaterial of construction <br \/>\nMaterial de construcci\u00f3n<\/th><th class=\"column-3\">Potenza elettrica <br \/>\nElectric power <br \/>\nPotencia el\u00e9ctrica<\/th><th class=\"column-4\">RPM<\/th><th class=\"column-5\">Superfice vagliante<br \/>\nScreening surface<br \/>\nSuperficie de cribado<\/th><th class=\"column-6\">Piani<br \/>\nDecks<br \/>\nPlanos<\/th>\n<\/tr>\n<\/thead>\n<tbody class=\"row-striping row-hover\">\n<tr class=\"row-2\">\n\t<td class=\"column-1\">BI.S.V 450\/1 B.M.<\/td><td class=\"column-2\">InaxAISI 304 L\/ Stainless Steel \/ Inoxidable<\/td><td class=\"column-3\">0,19 Kw.<\/td><td class=\"column-4\">3000<\/td><td class=\"column-5\">Mq. \/ Sq. mt. \/ M2 0,105<\/td><td class=\"column-6\">Max. 1 - M\u00e1x. 1<\/td>\n<\/tr>\n<\/tbody>\n<\/table>\n\n<span class=\"et_bloom_bottom_trigger\"><\/span>","protected":false},"excerpt":{"rendered":"<h2>Schwingsieb f\u00fcr emaille BI.S.V. 450 B.M.<\/h2>\n<p>Geeignet f\u00fcr das Sieben von Keramikglasuren oder fl\u00fcssigen Lacken, wo eine hohe Vibrationsfrequenz f\u00fcr optimales Sieben erforderlich ist und in Situationen, in denen die Montage von festen oder fahrbaren Sieben nicht m\u00f6glich ist.<\/p>\n<h4>Anwendungen<\/h4>\n<p><strong>In der Keramik:<\/strong><br \/>\nAuf Glasurlinien montiert an Servicebeh\u00e4ltern und bei der R\u00fcckf\u00fchrung von Anwendungen.<br \/>\nIn der Glasurmahlanlage zur Kontrolle kleiner Produktmengen.<\/p>\n<h4>Vorteile:<\/h4>\n<p>Die vollst\u00e4ndige Konstruktion aus rostfreiem Stahl AISI 304 und die hohe Vibrationsfrequenz erm\u00f6glicht den Produktdurchgang mit sehr feinen Netzen und erh\u00f6ht die Durchs\u00e4tze gegen\u00fcber herk\u00f6mmlichen Sieben.<br \/>\nSchneller Netzwechsel dank des exklusiven Doppelnut-Rings. Dank des verwendeten Verschlusssystems sind keine Schl\u00fcssel oder andere Werkzeuge f\u00fcr eine hermetische Abdichtung erforderlich.<br \/>\nSehr kompakte Abmessungen.<br \/>\nSchnelle Befestigung an Beh\u00e4ltern.<br \/>\nDie monolithische Bodenkonstruktion verleiht dem Produkt hohe mechanische Festigkeit.<br \/>\nGeringe Ger\u00e4uschentwicklung. <\/p>\n<h4>Optional:<\/h4>\n<p>Neue den Ring umschlie\u00dfende Dichtung in verschiedenen Materialien verf\u00fcgbar. R\u00fcttelmotor mit vakuumimpr\u00e4gnierter Harzwicklung.  Doppeltes Siebnetz. Schalter an der Maschine. Andere Konstruktionsmaterialien.  <\/p>\n","protected":false},"featured_media":258379,"comment_status":"open","ping_status":"closed","template":"","meta":{"_acf_changed":false,"_et_pb_use_builder":"","_et_pb_old_content":"","_et_gb_content_width":""},"product_brand":[],"product_cat":[153,151,150],"product_tag":[154],"class_list":{"0":"post-261461","1":"product","2":"type-product","3":"status-publish","4":"has-post-thumbnail","6":"product_cat-keramikbereich","7":"product_cat-siebschuttler-fur-glasuren","8":"product_cat-vibrationssiebe","9":"product_tag-keramikbereich","11":"first","12":"instock","13":"shipping-taxable","14":"product-type-simple"},"acf":[],"_links":{"self":[{"href":"https:\/\/bitecnology.com\/de\/wp-json\/wp\/v2\/product\/261461","targetHints":{"allow":["GET"]}}],"collection":[{"href":"https:\/\/bitecnology.com\/de\/wp-json\/wp\/v2\/product"}],"about":[{"href":"https:\/\/bitecnology.com\/de\/wp-json\/wp\/v2\/types\/product"}],"replies":[{"embeddable":true,"href":"https:\/\/bitecnology.com\/de\/wp-json\/wp\/v2\/comments?post=261461"}],"wp:featuredmedia":[{"embeddable":true,"href":"https:\/\/bitecnology.com\/de\/wp-json\/wp\/v2\/media\/258379"}],"wp:attachment":[{"href":"https:\/\/bitecnology.com\/de\/wp-json\/wp\/v2\/media?parent=261461"}],"wp:term":[{"taxonomy":"product_brand","embeddable":true,"href":"https:\/\/bitecnology.com\/de\/wp-json\/wp\/v2\/product_brand?post=261461"},{"taxonomy":"product_cat","embeddable":true,"href":"https:\/\/bitecnology.com\/de\/wp-json\/wp\/v2\/product_cat?post=261461"},{"taxonomy":"product_tag","embeddable":true,"href":"https:\/\/bitecnology.com\/de\/wp-json\/wp\/v2\/product_tag?post=261461"}],"curies":[{"name":"wp","href":"https:\/\/api.w.org\/{rel}","templated":true}]}}