{"id":261464,"date":"2023-05-16T15:44:41","date_gmt":"2023-05-16T15:44:41","guid":{"rendered":"https:\/\/bitecnology.com\/prodotto\/schwingsieb-fuer-emaille-bi-s-v-450-cr\/"},"modified":"2026-02-12T10:55:00","modified_gmt":"2026-02-12T09:55:00","slug":"schwingsieb-fuer-emaille-bi-s-v-450-cr","status":"publish","type":"product","link":"https:\/\/bitecnology.com\/de\/prodotto\/schwingsieb-fuer-emaille-bi-s-v-450-cr\/","title":{"rendered":"schwingsieb f\u00fcr emaille<br> BI.S.V. 450 CR"},"content":{"rendered":"\n<table id=\"tablepress-5\" class=\"tablepress tablepress-id-5\">\n<thead>\n<tr class=\"row-1\">\n\t<th class=\"column-1\">Modello<br \/>\nModel<br \/>\nModelo<\/th><th class=\"column-2\">Materiale costruttivo <br \/>\nMaterial of construction <br \/>\nMaterial de construcci\u00f3n<\/th><th class=\"column-3\">Potenza elettrica <br \/>\nElectric power <br \/>\nPotencia el\u00e9ctrica<\/th><th class=\"column-4\">RPM<\/th><th class=\"column-5\">Superfice vagliante<br \/>\nScreening surface<br \/>\nSuperficie de cribado<\/th>\n<\/tr>\n<\/thead>\n<tbody class=\"row-striping row-hover\">\n<tr class=\"row-2\">\n\t<td class=\"column-1\">BI.S.V 450\/1 C.Basso - Low cover -T. Baja<\/td><td class=\"column-2\">\t<br \/>\nInotAISI 304 L\/ Stainless Steel \/ Inoxidable<\/td><td class=\"column-3\">0,19 Kw.<\/td><td class=\"column-4\">3000<\/td><td class=\"column-5\">Mq. \/ Sq. mt. \/ M2 0,105<\/td>\n<\/tr>\n<tr class=\"row-3\">\n\t<td class=\"column-1\">BI.S.V 450\/2 C.Basso - Low cover -T. Baja<\/td><td class=\"column-2\">InotAISI 304 L\/ Stainless Steel \/ Inoxidable<\/td><td class=\"column-3\">0,19 Kw.<\/td><td class=\"column-4\">3000<\/td><td class=\"column-5\">Mq. \/ Sq. mt. \/ M2 0,105<\/td>\n<\/tr>\n<tr class=\"row-4\">\n\t<td class=\"column-1\">Bl. S.V. 450\/3 C.Basso - Low cover - T. Baja<\/td><td class=\"column-2\">Inox AISI 304 L\/ Stainless Steel \/ Inoxidable<\/td><td class=\"column-3\">0,19 Kw.<\/td><td class=\"column-4\">3000<\/td><td class=\"column-5\">Mq. \/ Sq. mt. \/ M2 0,105<\/td>\n<\/tr>\n<tr class=\"row-5\">\n\t<td class=\"column-1\">BI.S.V. 450\/1 C.AIto - High cover -T. Alta<\/td><td class=\"column-2\">InotAISI 304 L\/ Stainless Steel \/ Inoxidable<\/td><td class=\"column-3\">0,19 Kw.<\/td><td class=\"column-4\">3000<\/td><td class=\"column-5\">Mq. \/ Sq. mt. \/ M2 0,105<\/td>\n<\/tr>\n<tr class=\"row-6\">\n\t<td class=\"column-1\">BI.S.V. 450\/2 C.AIto - High cover -T. Alta<\/td><td class=\"column-2\">InotAISI 304 L\/ Stainless Steel \/ Inoxidable<\/td><td class=\"column-3\">0,19 Kw.<\/td><td class=\"column-4\">3000<\/td><td class=\"column-5\">Mq. \/ Sq. mt. \/ M2 0,105<\/td>\n<\/tr>\n<tr class=\"row-7\">\n\t<td class=\"column-1\">BI.S.V. 450\/3 C.Alto - High cover -T. Alta<\/td><td class=\"column-2\">InotAISI 304 L\/ Stainless Steel \/ Inoxidable<\/td><td class=\"column-3\">0,19 Kw.<\/td><td class=\"column-4\">3000<\/td><td class=\"column-5\">Mq. \/ Sq. mt. \/ M2 0,105<\/td>\n<\/tr>\n<\/tbody>\n<\/table>\n\n<p>&nbsp;<\/p>\n<span class=\"et_bloom_bottom_trigger\"><\/span>","protected":false},"excerpt":{"rendered":"<h2>schwingsieb f\u00fcr emaille<br \/>\nBI.S.V. 450 CR<\/h2>\n<p>Geeignet f\u00fcr das Sieben von Keramikglasuren oder fl\u00fcssigen und pulverf\u00f6rmigen Lacken, wo eine hohe Vibrationsfrequenz f\u00fcr optimales Sieben erforderlich ist und in Situationen, in denen die Montage gr\u00f6\u00dferer Siebe nicht m\u00f6glich ist.<\/p>\n<p><strong>Anwendungen:<\/strong><\/p>\n<ul>\n<li>In der Keramik auf Glasurlinien, am Auslass von Glasurm\u00fchlen oder Tanks.<\/li>\n<li>Am Ausgang von Mikrokugelm\u00fchlen.<\/li>\n<li>In der Sanit\u00e4rindustrie oder Geschirrindustrie f\u00fcr Glasuren.<\/li>\n<li>In der chemischen Industrie und in Farbwerken f\u00fcr fl\u00fcssige oder pulverf\u00f6rmige Lacke.<\/li>\n<\/ul>\n<p><strong>Vorteile:<\/strong><\/p>\n<ul>\n<li>Konstruktion vollst\u00e4ndig aus rostfreiem Stahl AISI 304.<\/li>\n<li>Die hohe Vibrationsfrequenz erm\u00f6glicht den Durchgang des Produkts durch sehr feine Netze und erh\u00f6ht die Durchsatzleistung gegen\u00fcber herk\u00f6mmlichen Sieben.<\/li>\n<li>Der geringe Platzbedarf erm\u00f6glicht die Positionierung in engen R\u00e4umen.<\/li>\n<li>F\u00fcr das verwendete Verschlusssystem sind keine Schl\u00fcssel oder andere Werkzeuge erforderlich, um es hermetisch zu verschlie\u00dfen.<\/li>\n<li>Schneller Netzwechsel dank des exklusiven Doppelnut-Rings.<\/li>\n<li>Die monolithische Bodenkonstruktion verleiht dem Produkt eine hohe mechanische Festigkeit.<\/li>\n<li>Die fahrbare Version und die kompakten Abmessungen machen es f\u00fcr die Bewegung in engen R\u00e4umen geeignet.<\/li>\n<li>Geringe Ger\u00e4uschentwicklung.<\/li>\n<\/ul>\n<p><strong>Optional:<\/strong><\/p>\n<ul>\n<li>Neue den Ring umschlie\u00dfende Dichtung in verschiedenen Materialien verf\u00fcgbar.<\/li>\n<li>R\u00fcttelvibrator mit in Vakuumharz getauchter Wicklung.<\/li>\n<li>Entmagnetisierer.<\/li>\n<li>Doppeltes Siebnetz.<\/li>\n<\/ul>\n","protected":false},"featured_media":258615,"comment_status":"open","ping_status":"closed","template":"","meta":{"_acf_changed":false,"_et_pb_use_builder":"","_et_pb_old_content":"","_et_gb_content_width":""},"product_brand":[],"product_cat":[157,153,152,156,151,150],"product_tag":[158,154,155,159],"class_list":{"0":"post-261464","1":"product","2":"type-product","3":"status-publish","4":"has-post-thumbnail","6":"product_cat-industrie","7":"product_cat-keramikbereich","8":"product_cat-lebensmittelbereich","9":"product_cat-pharmazeutischer-bereich","10":"product_cat-siebschuttler-fur-glasuren","11":"product_cat-vibrationssiebe","12":"product_tag-industrie","13":"product_tag-keramikbereich","14":"product_tag-lebensmittelbereich","15":"product_tag-pharmazeutischer-bereich","17":"first","18":"instock","19":"shipping-taxable","20":"product-type-simple"},"acf":[],"_links":{"self":[{"href":"https:\/\/bitecnology.com\/de\/wp-json\/wp\/v2\/product\/261464","targetHints":{"allow":["GET"]}}],"collection":[{"href":"https:\/\/bitecnology.com\/de\/wp-json\/wp\/v2\/product"}],"about":[{"href":"https:\/\/bitecnology.com\/de\/wp-json\/wp\/v2\/types\/product"}],"replies":[{"embeddable":true,"href":"https:\/\/bitecnology.com\/de\/wp-json\/wp\/v2\/comments?post=261464"}],"wp:featuredmedia":[{"embeddable":true,"href":"https:\/\/bitecnology.com\/de\/wp-json\/wp\/v2\/media\/258615"}],"wp:attachment":[{"href":"https:\/\/bitecnology.com\/de\/wp-json\/wp\/v2\/media?parent=261464"}],"wp:term":[{"taxonomy":"product_brand","embeddable":true,"href":"https:\/\/bitecnology.com\/de\/wp-json\/wp\/v2\/product_brand?post=261464"},{"taxonomy":"product_cat","embeddable":true,"href":"https:\/\/bitecnology.com\/de\/wp-json\/wp\/v2\/product_cat?post=261464"},{"taxonomy":"product_tag","embeddable":true,"href":"https:\/\/bitecnology.com\/de\/wp-json\/wp\/v2\/product_tag?post=261464"}],"curies":[{"name":"wp","href":"https:\/\/api.w.org\/{rel}","templated":true}]}}