{"id":261467,"date":"2023-05-17T08:08:19","date_gmt":"2023-05-17T08:08:19","guid":{"rendered":"https:\/\/bitecnology.com\/prodotto\/vibrationssieb-fuer-glasuren-bi-s-v-600-800\/"},"modified":"2023-05-17T08:08:19","modified_gmt":"2023-05-17T06:08:19","slug":"vibrationssieb-fuer-glasuren-bi-s-v-600-800","status":"publish","type":"product","link":"https:\/\/bitecnology.com\/de\/prodotto\/vibrationssieb-fuer-glasuren-bi-s-v-600-800\/","title":{"rendered":"Vibrationssieb f\u00fcr Glasuren BI.S.V. 600\/800"},"content":{"rendered":"\n<table id=\"tablepress-6\" class=\"tablepress tablepress-id-6\">\n<thead>\n<tr class=\"row-1\">\n\t<th class=\"column-1\">Modello<br \/>\nModel<br \/>\nModelo<\/th><th class=\"column-2\">Materiale costruttivo <br \/>\nMaterial of construction <br \/>\nMaterial de construcci\u00f3n<\/th><th class=\"column-3\">Potenza elettrica <br \/>\nElectric power <br \/>\nPotencia el\u00e9ctrica<\/th><th class=\"column-4\">RPM<\/th><th class=\"column-5\">Superfice vagliante<br \/>\nScreening surface<br \/>\nSuperficie de cribado<\/th>\n<\/tr>\n<\/thead>\n<tbody class=\"row-striping row-hover\">\n<tr class=\"row-2\">\n\t<td class=\"column-1\">BI.S.V. 600\/1 piano - deck - piano<\/td><td class=\"column-2\">InaxAISI 304 L.\/ Stainless Steel \/ Inoxidable<\/td><td class=\"column-3\">0,42 Kw.<\/td><td class=\"column-4\">3000<\/td><td class=\"column-5\">Mq. \/Sq.mt.\/M2 0,265<\/td>\n<\/tr>\n<tr class=\"row-3\">\n\t<td class=\"column-1\">BI.S.V. 600\/2 piani - decks - pianos<\/td><td class=\"column-2\">\t<br \/>\nInaxAISI 304 L.\/ Stainless Steel \/ Inoxidabl<\/td><td class=\"column-3\">0,42 Kw.<\/td><td class=\"column-4\">3000<\/td><td class=\"column-5\">Mq. \/Sq.mt.\/M2 0,265<\/td>\n<\/tr>\n<tr class=\"row-4\">\n\t<td class=\"column-1\">BI.S.V. 600\/3 piani - decks - pianos<\/td><td class=\"column-2\">InaxAISI 304 L.\/ Stainless Steel \/ Inoxidable<\/td><td class=\"column-3\">0,42 Kw.<\/td><td class=\"column-4\">3000<\/td><td class=\"column-5\">Mq. \/Sq.mt.\/M2 0,265<\/td>\n<\/tr>\n<tr class=\"row-5\">\n\t<td class=\"column-1\">BI.S.V. 800\/1 piano - deck - piano<\/td><td class=\"column-2\">InaxAISI 304 L.\/ Stainless Steel \/ Inoxidable<\/td><td class=\"column-3\">0,42 Kw.<\/td><td class=\"column-4\">3000<\/td><td class=\"column-5\">Mq. \/ Sq.mt.\/ M2 0,425<\/td>\n<\/tr>\n<tr class=\"row-6\">\n\t<td class=\"column-1\">BI.S.V. 800\/2 piani - decks - pianos<\/td><td class=\"column-2\">InaxAISI 304 L.\/ Stainless Steel \/ Inoxidable<\/td><td class=\"column-3\">0,42 Kw.<\/td><td class=\"column-4\">3000<\/td><td class=\"column-5\">Mq. \/ Sq.mt.\/ M2 0,425<\/td>\n<\/tr>\n<tr class=\"row-7\">\n\t<td class=\"column-1\">BI.S.V. 800\/3 piani - decks - pianos<\/td><td class=\"column-2\">InaxAISI 304 L.\/ Stainless Steel \/ Inoxidable<\/td><td class=\"column-3\">0,42 Kw.<\/td><td class=\"column-4\">3000<\/td><td class=\"column-5\">Mq. \/ Sq.mt.\/ M2 0,425<\/td>\n<\/tr>\n<\/tbody>\n<\/table>\n\n<p>&nbsp;<\/p>\n<span class=\"et_bloom_bottom_trigger\"><\/span>","protected":false},"excerpt":{"rendered":"<h2>VIBRATIONSSIEBE F\u00dcR PULVER BI.S.V. 600\/1 .2 .3 800\/1 .2 .3 CR<\/h2>\n<p>Geeignet f\u00fcr das Sieben von Keramikglasuren, Engoben und fl\u00fcssigen Lacken, wo eine hohe Vibrationsfrequenz f\u00fcr eine optimale Siebung erforderlich ist.<\/p>\n<p><strong>Anwendungen:<\/strong><\/p>\n<ul>\n<li>In der Keramikindustrie auf Glasurlinien, am Auslauf von Glasurm\u00fchlen oder -tanks<\/li>\n<li>In der Sanit\u00e4r- oder Geschirrindustrie f\u00fcr Glasuren und Schlicker<\/li>\n<li>In der chemischen Industrie und in Farbwerken f\u00fcr fl\u00fcssige oder pulverf\u00f6rmige Lacke.<\/li>\n<\/ul>\n<p><strong>Vorteile:<\/strong><\/p>\n<ul>\n<li>Komplett aus Edelstahl AISI 304 gefertigt<\/li>\n<li>Die hohe Vibrationsfrequenz erm\u00f6glicht den Durchgang des Produkts durch sehr feine Siebe, wodurch die Durchsatzleistung im Vergleich zu herk\u00f6mmlichen Sieben erh\u00f6ht wird.<\/li>\n<li>Aufgrund des verwendeten Verschlusssystems sind keine Schl\u00fcssel oder andere Werkzeuge erforderlich, um es hermetisch abzudichten.<\/li>\n<li>Schneller Siebwechsel dank des exklusiven Doppelnutrings<\/li>\n<li>Die monolithische Bodenkonstruktion verleiht dem Produkt eine hohe mechanische Festigkeit.<\/li>\n<li>Die fahrbare Version und die kompakten Abmessungen machen es f\u00fcr den Einsatz in engen R\u00e4umen geeignet.<\/li>\n<p>Geringe Ger\u00e4uschentwicklung<\/ul>\n<p><strong>Optional:<\/strong><\/p>\n<ul>\n<li>Neue den Ring umschlie\u00dfende Dichtung, in verschiedenen Materialien erh\u00e4ltlich<\/li>\n<li>Vibrationsmotor mit in Harz vakuumgetauchter Wicklung<\/li>\n<li>Oberer ABS-Ring (nur f\u00fcr Durchmesser 600)<\/li>\n<li>Weitere Konstruktionsmaterialien: AISI 316<\/li>\n<li>Erh\u00e4ltlich in der Version mit zwei oder drei Siebnetzen<\/li>\n<li>Mit fester Basis erh\u00e4ltlich<\/li>\n<li>Entmagnetisierer am Auslauf montiert<\/li>\n<li>Diffusoren<\/li>\n<\/ul>\n","protected":false},"featured_media":258623,"comment_status":"open","ping_status":"closed","template":"","meta":{"_acf_changed":false,"_et_pb_use_builder":"","_et_pb_old_content":"","_et_gb_content_width":""},"product_brand":[],"product_cat":[157,153,151,150],"product_tag":[158,154],"class_list":{"0":"post-261467","1":"product","2":"type-product","3":"status-publish","4":"has-post-thumbnail","6":"product_cat-industrie","7":"product_cat-keramikbereich","8":"product_cat-siebschuttler-fur-glasuren","9":"product_cat-vibrationssiebe","10":"product_tag-industrie","11":"product_tag-keramikbereich","13":"first","14":"instock","15":"shipping-taxable","16":"product-type-simple"},"acf":[],"_links":{"self":[{"href":"https:\/\/bitecnology.com\/de\/wp-json\/wp\/v2\/product\/261467","targetHints":{"allow":["GET"]}}],"collection":[{"href":"https:\/\/bitecnology.com\/de\/wp-json\/wp\/v2\/product"}],"about":[{"href":"https:\/\/bitecnology.com\/de\/wp-json\/wp\/v2\/types\/product"}],"replies":[{"embeddable":true,"href":"https:\/\/bitecnology.com\/de\/wp-json\/wp\/v2\/comments?post=261467"}],"wp:featuredmedia":[{"embeddable":true,"href":"https:\/\/bitecnology.com\/de\/wp-json\/wp\/v2\/media\/258623"}],"wp:attachment":[{"href":"https:\/\/bitecnology.com\/de\/wp-json\/wp\/v2\/media?parent=261467"}],"wp:term":[{"taxonomy":"product_brand","embeddable":true,"href":"https:\/\/bitecnology.com\/de\/wp-json\/wp\/v2\/product_brand?post=261467"},{"taxonomy":"product_cat","embeddable":true,"href":"https:\/\/bitecnology.com\/de\/wp-json\/wp\/v2\/product_cat?post=261467"},{"taxonomy":"product_tag","embeddable":true,"href":"https:\/\/bitecnology.com\/de\/wp-json\/wp\/v2\/product_tag?post=261467"}],"curies":[{"name":"wp","href":"https:\/\/api.w.org\/{rel}","templated":true}]}}