{"id":261470,"date":"2023-05-17T10:01:11","date_gmt":"2023-05-17T10:01:11","guid":{"rendered":"https:\/\/bitecnology.com\/prodotto\/fahrbare-gruppen-fuer-muehlenentleerung-mit-elektrischen-pumpen-grcvar\/"},"modified":"2023-05-17T10:01:11","modified_gmt":"2023-05-17T08:01:11","slug":"fahrbare-gruppen-fuer-muehlenentleerung-mit-elektrischen-pumpen-grcvar","status":"publish","type":"product","link":"https:\/\/bitecnology.com\/de\/prodotto\/fahrbare-gruppen-fuer-muehlenentleerung-mit-elektrischen-pumpen-grcvar\/","title":{"rendered":"Fahrbare Gruppen f\u00fcr M\u00fchlenentleerung mit elektrischen Pumpen GRC+VAR"},"content":{"rendered":"\n<table id=\"tablepress-12\" class=\"tablepress tablepress-id-12\">\n<thead>\n<tr class=\"row-1\">\n\t<th class=\"column-1\">Modello<br \/>\nModel<br \/>\nModelo<\/th><th class=\"column-2\">Materiale costruttivo <br \/>\nMaterial of construction <br \/>\nMaterial de construcci\u00f3n<\/th><th class=\"column-3\">Potenza elettrica <br \/>\nElectric power <br \/>\nPotencia el\u00e9ctrica<\/th><th class=\"column-4\">RPM<\/th><th class=\"column-5\">Superf\u00ecce vagllante per plano <br \/>\nScreening surface for deck <br \/>\nSuperficie de cribado para planos<\/th>\n<\/tr>\n<\/thead>\n<tbody class=\"row-striping row-hover\">\n<tr class=\"row-2\">\n\t<td class=\"column-1\">GRC BI.S.V. 450<\/td><td class=\"column-2\">Inox AISI 304 L.\/ Stainless Steel \/ Inoxidable<\/td><td class=\"column-3\">0,19 Kw.<\/td><td class=\"column-4\">3000<\/td><td class=\"column-5\">Mq. \/ Sq. mt. \/ M2 0,105<\/td>\n<\/tr>\n<tr class=\"row-3\">\n\t<td class=\"column-1\">GRC BI.S.V. 600<\/td><td class=\"column-2\">Inox AISI 304 L.\/ Stainless Steel \/ Inoxidable<\/td><td class=\"column-3\">0,19 Kw.<\/td><td class=\"column-4\">3000<\/td><td class=\"column-5\">Mq. \/Sq.mt.\/M2 0,265<\/td>\n<\/tr>\n<tr class=\"row-4\">\n\t<td class=\"column-1\">GRC BI.S.V. 800<\/td><td class=\"column-2\">Inox AISI 304 L.\/ Stainless Steel \/ Inoxidable<\/td><td class=\"column-3\">0,19 Kw.<\/td><td class=\"column-4\">3000<\/td><td class=\"column-5\">Mq. \/Sq.mt.\/M2 0,425<\/td>\n<\/tr>\n<tr class=\"row-5\">\n\t<td class=\"column-1\">GRC BI.S.V. 800S<\/td><td class=\"column-2\">Inox AISI 304 L.\/ Stainless Steel \/ Inoxidable<\/td><td class=\"column-3\">0,42 Kw.<\/td><td class=\"column-4\">3000<\/td><td class=\"column-5\">Mq. \/Sq.mt.\/M2 0,377<\/td>\n<\/tr>\n<tr class=\"row-6\">\n\t<td class=\"column-1\">GRC BI.S.V. 900<\/td><td class=\"column-2\">Inox AISI 304 L.\/ Stainless Steel \/ Inoxidable<\/td><td class=\"column-3\">0,52 Kw.<\/td><td class=\"column-4\">3000<\/td><td class=\"column-5\">Mq. \/Sq.mt.\/M2 0,588<\/td>\n<\/tr>\n<tr class=\"row-7\">\n\t<td class=\"column-1\">GRC BI.S.V. 1200<\/td><td class=\"column-2\">Inox AISI 304 L.\/ Stainless Steel \/ Inoxidable<\/td><td class=\"column-3\">2,00 Kw.<\/td><td class=\"column-4\">3000<\/td><td class=\"column-5\">Mq. \/Sq.mt.\/M2 0,935<\/td>\n<\/tr>\n<tr class=\"row-8\">\n\t<td class=\"column-1\">GRC BI.S.V. 1500<\/td><td class=\"column-2\">Inox AISI 304 L.\/ Stainless Steel \/ Inoxidable<\/td><td class=\"column-3\">3,00 Kw.<\/td><td class=\"column-4\">3000<\/td><td class=\"column-5\">Mq. \/ Sq. mt. \/ M2 1,575<\/td>\n<\/tr>\n<tr class=\"row-9\">\n\t<td class=\"column-1\">POMPA \/ PUMP BOMBA MD 85<\/td><td class=\"column-2\">Inox AISI 304 L.\/ Stainless Steel \/ Inoxidable Ghisa + <br \/>\ngomma antiabrasiva Foundry iron + <br \/>\nanti-abrasive rubber Arrabio + <br \/>\ngoma antiabrasiva<\/td><td class=\"column-3\">2,20 Kw.<\/td><td class=\"column-4\">3000<\/td><td class=\"column-5\">II<\/td>\n<\/tr>\n<\/tbody>\n<\/table>\n<!-- #tablepress-12 from cache -->\n<p>&nbsp;<\/p>\n<span class=\"et_bloom_bottom_trigger\"><\/span>","protected":false},"excerpt":{"rendered":"<h2>Fahrbare Aggregate mit Elektropumpen GRC 600 800 900 1200 1500 + VAR 3-4-5-6<\/h2>\n<p>Die Gruppe Carrellato GRC+VAR eignet sich besonders f\u00fcr den Einsatz in der Keramikindustrie, in den Mahlabteilungen zum Entleeren von Emaillem\u00fchlen oder Beh\u00e4ltern, in den Abteilungen zur Vorbereitung von Rohstoffen zum Entleeren von diskontinuierlichen Tonm\u00fchlen, in der chemischen Industrie und in Lackfabriken f\u00fcr Fl\u00fcssiglacke sowie in allen Anwendungen, bei denen das Produkt nach dem Sieben zu anderen Bestimmungsorten gepumpt werden muss.<\/p>\n<p><strong>Verf\u00fcgbares Zubeh\u00f6r:<\/strong><\/p>\n<ul>\n<li>Elektromagnetische Entmagnetisierer oder Permanentmagnet-Entmagnetisierer<\/li>\n<li>Doppel- oder Dreifachsieb.<\/li>\n<li>Deckel.<\/li>\n<li>Siebreinigungssysteme<\/li>\n<li>Sonderspannungen<\/li>\n<li>Verschiedene Beschichtungen f\u00fcr die Kunststoffteile der Pumpe<\/li>\n<li>Sonderzubeh\u00f6r f\u00fcr den Maschinenbau.<\/li>\n<\/ul>\n<p><strong>Vorteile:<\/strong><\/p>\n<ul>\n<li>Die elektrische Pumpe erm\u00f6glicht gro\u00dfe Energieeinsparungen gegen\u00fcber den \u00fcblicherweise verwendeten Druckluftpumpen.<\/li>\n<li>Die dickwandige Gummibeschichtung der Pumpe ist ideal f\u00fcr das Pumpen auch stark abrasiver Fl\u00fcssigkeiten.<\/li>\n<li>Die verwendete Pumpe erm\u00f6glicht auch Trockenlauf.<\/li>\n<li>Die vollst\u00e4ndige Konstruktion aus dickwandigem Edelstahl AISI 304 f\u00fcr Sieb, Wanne und Fahrgestell gew\u00e4hrleistet Best\u00e4ndigkeit gegen Korrosion durch S\u00e4uren und Salze und verhindert Produktkontamination.<\/li>\n<li>Die fahrbare Ausf\u00fchrung macht ihn geeignet f\u00fcr die Bewegung in engen R\u00e4umen.<\/li>\n<li>Geringe Ger\u00e4uschentwicklung.<\/li>\n<\/ul>\n<p><strong>F\u00fcr spezifische technische Eigenschaften kontaktieren Sie bitte unsere Verkaufsabteilung.<\/strong><\/p>\n","protected":false},"featured_media":258665,"comment_status":"open","ping_status":"closed","template":"","meta":{"_acf_changed":false,"_et_pb_use_builder":"","_et_pb_old_content":"","_et_gb_content_width":""},"product_brand":[],"product_cat":[160,157,153,161,150],"product_tag":[158,154,162],"class_list":{"0":"post-261470","1":"product","2":"type-product","3":"status-publish","4":"has-post-thumbnail","6":"product_cat-fahrbare-gruppen-fur-muhlenentleerung","7":"product_cat-industrie","8":"product_cat-keramikbereich","9":"product_cat-recycling-bereich","10":"product_cat-vibrationssiebe","11":"product_tag-industrie","12":"product_tag-keramikbereich","13":"product_tag-recycling-bereich","15":"first","16":"instock","17":"shipping-taxable","18":"product-type-simple"},"acf":[],"_links":{"self":[{"href":"https:\/\/bitecnology.com\/de\/wp-json\/wp\/v2\/product\/261470","targetHints":{"allow":["GET"]}}],"collection":[{"href":"https:\/\/bitecnology.com\/de\/wp-json\/wp\/v2\/product"}],"about":[{"href":"https:\/\/bitecnology.com\/de\/wp-json\/wp\/v2\/types\/product"}],"replies":[{"embeddable":true,"href":"https:\/\/bitecnology.com\/de\/wp-json\/wp\/v2\/comments?post=261470"}],"wp:featuredmedia":[{"embeddable":true,"href":"https:\/\/bitecnology.com\/de\/wp-json\/wp\/v2\/media\/258665"}],"wp:attachment":[{"href":"https:\/\/bitecnology.com\/de\/wp-json\/wp\/v2\/media?parent=261470"}],"wp:term":[{"taxonomy":"product_brand","embeddable":true,"href":"https:\/\/bitecnology.com\/de\/wp-json\/wp\/v2\/product_brand?post=261470"},{"taxonomy":"product_cat","embeddable":true,"href":"https:\/\/bitecnology.com\/de\/wp-json\/wp\/v2\/product_cat?post=261470"},{"taxonomy":"product_tag","embeddable":true,"href":"https:\/\/bitecnology.com\/de\/wp-json\/wp\/v2\/product_tag?post=261470"}],"curies":[{"name":"wp","href":"https:\/\/api.w.org\/{rel}","templated":true}]}}