{"id":261473,"date":"2023-05-17T10:14:59","date_gmt":"2023-05-17T10:14:59","guid":{"rendered":"https:\/\/bitecnology.com\/prodotto\/mahlgutentladung-mit-pneumatischen-pumpen\/"},"modified":"2026-02-12T10:54:52","modified_gmt":"2026-02-12T09:54:52","slug":"mahlgutentladung-mit-pneumatischen-pumpen","status":"publish","type":"product","link":"https:\/\/bitecnology.com\/de\/prodotto\/mahlgutentladung-mit-pneumatischen-pumpen\/","title":{"rendered":"Mahlgutentladung mit pneumatischen Pumpen"},"content":{"rendered":"\n<table id=\"tablepress-13\" class=\"tablepress tablepress-id-13\">\n<thead>\n<tr class=\"row-1\">\n\t<th class=\"column-1\">Modello<br \/>\nModel<br \/>\nModelo<\/th><th class=\"column-2\">Materiale costruttivo <br \/>\nMaterial of construction <br \/>\nMaterial de construcci\u00f3n<\/th><th class=\"column-3\">Potenza elettrica <br \/>\nElectric power <br \/>\nPotencia el\u00e9ctrica<\/th><th class=\"column-4\">RPM<\/th><th class=\"column-5\">Superf\u00ecce vagllante per plano <br \/>\nScreening surface for deck <br \/>\nSuperficie de cribado para planos<\/th>\n<\/tr>\n<\/thead>\n<tbody class=\"row-striping row-hover\">\n<tr class=\"row-2\">\n\t<td class=\"column-1\">GRC BI.S.V. 450<\/td><td class=\"column-2\">IncK AISI 304 L e Lega \/ Stainless Steel and Alio\/ \/ Inoxidable y Aleaci\u00f3n<\/td><td class=\"column-3\">0,19 Kw.<\/td><td class=\"column-4\">3000<\/td><td class=\"column-5\">Mq. \/ Sq. mt. \/ M2 0,105<\/td>\n<\/tr>\n<tr class=\"row-3\">\n\t<td class=\"column-1\">GRC BI.S.V. 600<\/td><td class=\"column-2\">IncK AISI 304 L e Lega \/ Stainless Steel and Alio\/ \/ Inoxidable y Aleaci\u00f3n<\/td><td class=\"column-3\">0,42 Kw.<\/td><td class=\"column-4\">3000<\/td><td class=\"column-5\">Mq. \/Sq.mt.\/M2 0,265<\/td>\n<\/tr>\n<tr class=\"row-4\">\n\t<td class=\"column-1\">GRC BI.S.V. 800<\/td><td class=\"column-2\">IncK AISI 304 L e Lega \/ Stainless Steel and Alio\/ \/ Inoxidable y Aleaci\u00f3n<\/td><td class=\"column-3\">0,42 Kw.<\/td><td class=\"column-4\">3000<\/td><td class=\"column-5\">Mq. \/Sq.mt.\/M2 0,425<\/td>\n<\/tr>\n<tr class=\"row-5\">\n\t<td class=\"column-1\">GRC BI.S.V. 800S<\/td><td class=\"column-2\">IncK AISI 304 L e Lega \/ Stainless Steel and Alio\/ \/ Inoxidable y Aleaci\u00f3n<\/td><td class=\"column-3\">0,42 Kw.<\/td><td class=\"column-4\">3000<\/td><td class=\"column-5\">Mq. \/Sq.mt.\/M2 0,377<\/td>\n<\/tr>\n<tr class=\"row-6\">\n\t<td class=\"column-1\">GRC BI.S.V. 900<\/td><td class=\"column-2\">IncK AISI 304 L e Lega \/ Stainless Steel and Alio\/ \/ Inoxidable y Aleaci\u00f3n<\/td><td class=\"column-3\">0,52 Kw.<\/td><td class=\"column-4\">3000<\/td><td class=\"column-5\">Mq. \/Sq.mt.\/M2 0,588<\/td>\n<\/tr>\n<tr class=\"row-7\">\n\t<td class=\"column-1\">GRC BI.S.V. 1200<\/td><td class=\"column-2\">IncK AISI 304 L e Lega \/ Stainless Steel and Alio\/ \/ Inoxidable y Aleaci\u00f3n<\/td><td class=\"column-3\">2,00 Kw.<\/td><td class=\"column-4\">3000<\/td><td class=\"column-5\">Mq. \/Sq.mt.\/M2 0,935<\/td>\n<\/tr>\n<tr class=\"row-8\">\n\t<td class=\"column-1\">GRC BI.S.V. 1500<\/td><td class=\"column-2\">IncK AISI 304 L e Lega \/ Stainless Steel and Alio\/ \/ Inoxidable y Aleaci\u00f3n<\/td><td class=\"column-3\">3,00 Kw.<\/td><td class=\"column-4\">3000<\/td><td class=\"column-5\">Mq. \/ Sq. mt. \/ M2 1,575<\/td>\n<\/tr>\n<tr class=\"row-9\">\n\t<td class=\"column-1\">POMPA\/PUMP BOMBA<\/td><td class=\"column-2\">IncK AISI 304 L e Lega \/ Stainless Steel and Alio\/ \/ Inoxidable y Aleaci\u00f3n<\/td><td class=\"column-3\">II<\/td><td class=\"column-4\">II<\/td><td class=\"column-5\">II<\/td>\n<\/tr>\n<\/tbody>\n<\/table>\n\n<p>&nbsp;<\/p>\n<span class=\"et_bloom_bottom_trigger\"><\/span>","protected":false},"excerpt":{"rendered":"<p><strong>GRC 600\/S-800\/S-900-1200-1500 + VAR 3-4-5-\u00d3<\/strong><\/p>\n<p>Die fahrbare Einheit GRC+VAR eignet sich besonders f\u00fcr den Einsatz in der Keramikindustrie, in Mahlabteilungen zum Entleeren von Glasurm\u00fchlen oder Beh\u00e4ltern, in Abteilungen zur Vorbereitung von Rohstoffen zum Entleeren von diskontinuierlichen Tonm\u00fchlen, in der chemischen Industrie und in Farbfabriken f\u00fcr Fl\u00fcssiglacke sowie in allen Anwendungen, bei denen das Produkt nach dem Sieben zu anderen Bestimmungsorten gepumpt werden muss. Verf\u00fcgbares Zubeh\u00f6r: elektromagnetische oder permanentmagnetische Eisenabscheider. Doppel- oder Dreifachsieb. Deckel. Siebreinigungssysteme. Sonderspannungen. Unterschiedliche Beschichtungen f\u00fcr die synthetischen Teile der Pumpe. Spezielle Zusatzausstattung f\u00fcr den Bau der Maschine. Vorteile: Die elektrische Pumpe erm\u00f6glicht eine hohe Energieeinsparung im Vergleich zu den \u00fcblicherweise verwendeten pneumatischen Pumpen. Die dicke Gummibeschichtung der Pumpe ist ideal zum Pumpen von auch stark abrasiven Fl\u00fcssigkeiten. Die verwendete Pumpe erm\u00f6glicht auch den Trockenlauf. Die vollst\u00e4ndige Konstruktion aus Edelstahl AISI 304 mit hoher Dicke des Siebs, des Tanks und des Wagens garantiert Best\u00e4ndigkeit gegen die Korrosion von S\u00e4uren und Salzen und vermeidet die Kontamination des Produkts.   Die fahrbare Ausf\u00fchrung macht ihn geeignet f\u00fcr die Bewegung in engen R\u00e4umen.<\/p>\n<p>Geringe Ger\u00e4uschentwicklung.<\/p>\n","protected":false},"featured_media":258685,"comment_status":"open","ping_status":"closed","template":"","meta":{"_acf_changed":false,"_et_pb_use_builder":"","_et_pb_old_content":"","_et_gb_content_width":""},"product_brand":[],"product_cat":[160,157,153,150],"product_tag":[158,154],"class_list":{"0":"post-261473","1":"product","2":"type-product","3":"status-publish","4":"has-post-thumbnail","6":"product_cat-fahrbare-gruppen-fur-muhlenentleerung","7":"product_cat-industrie","8":"product_cat-keramikbereich","9":"product_cat-vibrationssiebe","10":"product_tag-industrie","11":"product_tag-keramikbereich","13":"first","14":"instock","15":"shipping-taxable","16":"product-type-simple"},"acf":[],"_links":{"self":[{"href":"https:\/\/bitecnology.com\/de\/wp-json\/wp\/v2\/product\/261473","targetHints":{"allow":["GET"]}}],"collection":[{"href":"https:\/\/bitecnology.com\/de\/wp-json\/wp\/v2\/product"}],"about":[{"href":"https:\/\/bitecnology.com\/de\/wp-json\/wp\/v2\/types\/product"}],"replies":[{"embeddable":true,"href":"https:\/\/bitecnology.com\/de\/wp-json\/wp\/v2\/comments?post=261473"}],"wp:featuredmedia":[{"embeddable":true,"href":"https:\/\/bitecnology.com\/de\/wp-json\/wp\/v2\/media\/258685"}],"wp:attachment":[{"href":"https:\/\/bitecnology.com\/de\/wp-json\/wp\/v2\/media?parent=261473"}],"wp:term":[{"taxonomy":"product_brand","embeddable":true,"href":"https:\/\/bitecnology.com\/de\/wp-json\/wp\/v2\/product_brand?post=261473"},{"taxonomy":"product_cat","embeddable":true,"href":"https:\/\/bitecnology.com\/de\/wp-json\/wp\/v2\/product_cat?post=261473"},{"taxonomy":"product_tag","embeddable":true,"href":"https:\/\/bitecnology.com\/de\/wp-json\/wp\/v2\/product_tag?post=261473"}],"curies":[{"name":"wp","href":"https:\/\/api.w.org\/{rel}","templated":true}]}}