{"id":261479,"date":"2023-05-17T10:51:14","date_gmt":"2023-05-17T10:51:14","guid":{"rendered":"https:\/\/bitecnology.com\/prodotto\/vibrosiebe-fuer-schlicker-bi-l-m-900-1200-1500-1800\/"},"modified":"2023-05-17T10:51:14","modified_gmt":"2023-05-17T08:51:14","slug":"vibrosiebe-fuer-schlicker-bi-l-m-900-1200-1500-1800","status":"publish","type":"product","link":"https:\/\/bitecnology.com\/de\/prodotto\/vibrosiebe-fuer-schlicker-bi-l-m-900-1200-1500-1800\/","title":{"rendered":"Vibrosiebe f\u00fcr Schlicker bi.l.m. 900 1200 1500 1800"},"content":{"rendered":"\n<table id=\"tablepress-15\" class=\"tablepress tablepress-id-15\">\n<thead>\n<tr class=\"row-1\">\n\t<th class=\"column-1\">Modello<br \/>\nModel<br \/>\nModelo<\/th><th class=\"column-2\">Materiale costruttivo <br \/>\nMaterial of construction <br \/>\nMaterial de construcci\u00f3n<\/th><th class=\"column-3\">Potenza elettrica <br \/>\nElectric power <br \/>\nPotencia el\u00e9ctrica<\/th><th class=\"column-4\">RPM<\/th><th class=\"column-5\">Superf\u00ecce vagllante per plano <br \/>\nScreening surface for deck <br \/>\nSuperficie de cribado para planos<\/th>\n<\/tr>\n<\/thead>\n<tbody class=\"row-striping row-hover\">\n<tr class=\"row-2\">\n\t<td class=\"column-1\">800 S<\/td><td class=\"column-2\">IncxAISI 304 L.\/ Stainless Steel \/ Inoxidable<\/td><td class=\"column-3\">4Kw.<\/td><td class=\"column-4\">3000<\/td><td class=\"column-5\">377<\/td>\n<\/tr>\n<tr class=\"row-3\">\n\t<td class=\"column-1\">BI.LV. 900<\/td><td class=\"column-2\">IncxAISI 304 L.\/ Stainless Steel \/ Inoxidable<\/td><td class=\"column-3\">0,52 Kw.<\/td><td class=\"column-4\">1500<\/td><td class=\"column-5\">Mq. \/Sq.mt\/M2 0,589<\/td>\n<\/tr>\n<tr class=\"row-4\">\n\t<td class=\"column-1\">BI.LV. 1200<\/td><td class=\"column-2\">IncxAISI 304 L.\/ Stainless Steel \/ Inoxidable<\/td><td class=\"column-3\">1,20 Kw.<\/td><td class=\"column-4\">1500<\/td><td class=\"column-5\">Mq. \/Sq.mL\/ M2 0,935<\/td>\n<\/tr>\n<tr class=\"row-5\">\n\t<td class=\"column-1\">BI.LV. 1500<\/td><td class=\"column-2\">IncxAISI 304 L.\/ Stainless Steel \/ Inoxidable<\/td><td class=\"column-3\">2,75 Kw.<\/td><td class=\"column-4\">1500<\/td><td class=\"column-5\">Mq. \/Sq.mt\/M2 1,575<\/td>\n<\/tr>\n<\/tbody>\n<\/table>\n<!-- #tablepress-15 from cache -->\n<p>&nbsp;<\/p>\n<span class=\"et_bloom_bottom_trigger\"><\/span>","protected":false},"excerpt":{"rendered":"<h2>Vibrosieb f\u00fcr Schlicker mit einem Siebgewebe<br \/>\nBI.L.M. 900 1200 1500 1800<\/h2>\n<p>Rundvibrationssieb f\u00fcr Keramikschl\u00e4mme, R\u00fcckgewinnungswasser und fl\u00fcssige Schl\u00e4mme.<br \/> Sein Hauptmerkmal ist der gew\u00f6lbte Boden, der die Ableitung gro\u00dfer Mengen des gesiebten Produkts erleichtert, sowie die Anbringung von R\u00fcttelmotoren mit hohen Fliehkr\u00e4ften.<br \/>\nDas Vibrationssystem erm\u00f6glicht die kontinuierliche Ableitung von R\u00fcckst\u00e4nden und h\u00e4lt das Sieb stets sauber.<\/p>\n<p><strong>Anwendungen:<\/strong><\/p>\n<ul>\n<li>Sieben von Schlickern nach dem Mahlen.<\/li>\n<li>Sieben von Schl\u00e4mmen aus Produktionsabf\u00e4llen.<\/li>\n<li>Sieben von Abwasser.<\/li>\n<\/ul>\n<p><strong>Konstruktionsmerkmale:<\/strong><\/p>\n<ul>\n<li>Struktur aus Edelstahl AISI 304<\/li>\n<li>Hoher oberer Rand<\/li>\n<li>Elektro-R\u00fcttelmotor Serie P, IE3.<\/li>\n<li>Festes Gestell: Edelstahl<\/li>\n<li>Ein-\/Ausschalter<\/li>\n<\/ul>\n<p><strong>Vorteile:<\/strong><\/p>\n<p>Die vollst\u00e4ndige Konstruktion aus hochdickem Edelstahl AISI 304 garantiert Best\u00e4ndigkeit gegen Abrieb, hohe Temperaturen, S\u00e4ure- und Salzkorrosion und vermeidet gleichzeitig die Kontamination des Produkts.<br \/>\nHohe Leistung und schnelle Ableitung des R\u00fcckstands \u00fcber dem Sieb aufgrund der hohen Fliehkraft des R\u00fcttelmotors.<br \/>\nDer hohe Rand verhindert das Austreten von Produktspritzern und erm\u00f6glicht es dem Bediener, das Sieb st\u00e4ndig zu \u00fcberwachen.<br \/>\nGeringe Ger\u00e4uschentwicklung.<\/p>\n<p><strong>Optional:<\/strong><\/p>\n<ul>\n<li>Versionen mit zwei oder drei Sieben.<\/li>\n<li>Festes Gestell aus Edelstahl.<\/li>\n<li>R\u00fcttelmotoren der Serie M.<\/li>\n<li>Von der Norm abweichende Baumaterialien.<\/li>\n<li>Deckel.<\/li>\n<li>Systeme zur Siebreinigung.<\/li>\n<li>Verteiler f\u00fcr Fl\u00fcssigkeiten.<\/li>\n<li>R\u00e4nder mit von der Norm abweichenden \u00d6ffnungen.<\/li>\n<\/ul>\n","protected":false},"featured_media":258709,"comment_status":"open","ping_status":"closed","template":"","meta":{"_acf_changed":false,"_et_pb_use_builder":"","_et_pb_old_content":"","_et_gb_content_width":""},"product_brand":[],"product_cat":[153,150,163],"product_tag":[154],"class_list":{"0":"post-261479","1":"product","2":"type-product","3":"status-publish","4":"has-post-thumbnail","6":"product_cat-keramikbereich","7":"product_cat-vibrationssiebe","8":"product_cat-vibrationssiebe-fur-schlicker-und-flussigkeiten","9":"product_tag-keramikbereich","11":"first","12":"instock","13":"shipping-taxable","14":"product-type-simple"},"acf":[],"_links":{"self":[{"href":"https:\/\/bitecnology.com\/de\/wp-json\/wp\/v2\/product\/261479","targetHints":{"allow":["GET"]}}],"collection":[{"href":"https:\/\/bitecnology.com\/de\/wp-json\/wp\/v2\/product"}],"about":[{"href":"https:\/\/bitecnology.com\/de\/wp-json\/wp\/v2\/types\/product"}],"replies":[{"embeddable":true,"href":"https:\/\/bitecnology.com\/de\/wp-json\/wp\/v2\/comments?post=261479"}],"wp:featuredmedia":[{"embeddable":true,"href":"https:\/\/bitecnology.com\/de\/wp-json\/wp\/v2\/media\/258709"}],"wp:attachment":[{"href":"https:\/\/bitecnology.com\/de\/wp-json\/wp\/v2\/media?parent=261479"}],"wp:term":[{"taxonomy":"product_brand","embeddable":true,"href":"https:\/\/bitecnology.com\/de\/wp-json\/wp\/v2\/product_brand?post=261479"},{"taxonomy":"product_cat","embeddable":true,"href":"https:\/\/bitecnology.com\/de\/wp-json\/wp\/v2\/product_cat?post=261479"},{"taxonomy":"product_tag","embeddable":true,"href":"https:\/\/bitecnology.com\/de\/wp-json\/wp\/v2\/product_tag?post=261479"}],"curies":[{"name":"wp","href":"https:\/\/api.w.org\/{rel}","templated":true}]}}