{"id":261489,"date":"2023-05-17T15:41:26","date_gmt":"2023-05-17T15:41:26","guid":{"rendered":"https:\/\/bitecnology.com\/prodotto\/vibriersiebe-fuer-pulver-bi-p2v\/"},"modified":"2023-05-17T15:41:26","modified_gmt":"2023-05-17T13:41:26","slug":"vibriersiebe-fuer-pulver-bi-p2v","status":"publish","type":"product","link":"https:\/\/bitecnology.com\/de\/prodotto\/vibriersiebe-fuer-pulver-bi-p2v\/","title":{"rendered":"Vibriersiebe f\u00fcr Pulver bi.p2v"},"content":{"rendered":"\n<table id=\"tablepress-21\" class=\"tablepress tablepress-id-21\">\n<thead>\n<tr class=\"row-1\">\n\t<th class=\"column-1\">Modello<br \/>\nModel<br \/>\nModelo<\/th><th class=\"column-2\">Materiale costruttivo <br \/>\nMaterial of construction <br \/>\nMaterial de construcci\u00f3n<\/th><th class=\"column-3\">Potenza elettrica <br \/>\nElectric power <br \/>\nPotencia el\u00e9ctrica<\/th><th class=\"column-4\">RPM<\/th><th class=\"column-5\">\t<br \/>\nSuperf\u00ecce vagliante Screening surface <br \/>\nSuperficie de cribado<\/th>\n<\/tr>\n<\/thead>\n<tbody class=\"row-striping row-hover\">\n<tr class=\"row-2\">\n\t<td class=\"column-1\">BI.PV. 900<\/td><td class=\"column-2\">InaxAISI 304 L \/ Stainless Steel \/ Inoxidable<\/td><td class=\"column-3\">1,25 Kw.<\/td><td class=\"column-4\">1450<\/td><td class=\"column-5\">Mq. \/Sq.mt.\/M2 0,587<\/td>\n<\/tr>\n<tr class=\"row-3\">\n\t<td class=\"column-1\">Bl.PV. 1200<\/td><td class=\"column-2\">InaxAISI 304 L \/ Stainless Steel \/ Inoxidable<\/td><td class=\"column-3\">1,25 Kw.<\/td><td class=\"column-4\">1450<\/td><td class=\"column-5\">Mq. \/Sq.mt.\/M2 0,932<\/td>\n<\/tr>\n<tr class=\"row-4\">\n\t<td class=\"column-1\">BI.PV. 1500<\/td><td class=\"column-2\">InaxAISI 304 L \/ Stainless Steel \/ Inoxidable<\/td><td class=\"column-3\">2,75 Kw.<\/td><td class=\"column-4\">1450<\/td><td class=\"column-5\">Mq. \/Sq.mt.\/M2 1,465<\/td>\n<\/tr>\n<tr class=\"row-5\">\n\t<td class=\"column-1\">BI.PV. 1800<\/td><td class=\"column-2\">InaxAISI 304 L \/ Stainless Steel \/ Inoxidable<\/td><td class=\"column-3\">3,74 Kw.<\/td><td class=\"column-4\">1450\/900<\/td><td class=\"column-5\">Mq. \/ Sq.mt.\/ M2 2,170<\/td>\n<\/tr>\n<\/tbody>\n<\/table>\n\n<p>&nbsp;<\/p>\n<span class=\"et_bloom_bottom_trigger\"><\/span>","protected":false},"excerpt":{"rendered":"<h2>VIBRIERSIEBE F\u00dcR PULVER<br \/>\nBI.P2V 600\/S-800\/S-900-1200-1500-1800-2200<\/h2>\n<p><strong>Anwendungen:<\/strong><\/p>\n<ul>\n<li>Besonders geeignet f\u00fcr alle Phasen, die eine Kontrollsiebung mit maximal 5 % Ausschuss \u00fcber dem Sieb erfordern.<\/li>\n<li>In der Keramik am Auslauf der Zerst\u00e4uber, am Auslauf der kontinuierlichen M\u00fchlen als Entkieser.<\/li>\n<li>In der RP-Version zur Kontrolle vor den Pressen<\/li>\n<li>In der Lebensmittel- und Tierfutterindustrie beim Verladen von Sch\u00fcttg\u00fctern und vor den Absackmaschinen<\/li>\n<\/ul>\n<p><strong>Vorteile:<\/strong><\/p>\n<ul>\n<li>Hoher Durchsatz.<\/li>\n<li>Die Konstruktion mit den Teilen, die vollst\u00e4ndig mit hochdickem Edelstahl AISI 304 in Ber\u00fchrung kommen, garantiert Best\u00e4ndigkeit gegen Abrieb, hohe Temperaturen und Korrosion durch S\u00e4uren und Salze.<\/li>\n<li>Verhindert die Kontamination des Produkts.<\/li>\n<li>Die Bauform mit axialem Ein- und Auslass und unbegrenztem Platzbedarf in der H\u00f6he erleichtert die Installation dieses Siebs an Stellen der Anlage mit beengten Platzverh\u00e4ltnissen.<\/li>\n<li>Die fahrbare Ausf\u00fchrung macht ihn geeignet f\u00fcr die Bewegung in engen R\u00e4umen.<\/li>\n<li>Geringe Ger\u00e4uschentwicklung. Niedriges Profil. <\/li>\n<\/ul>\n<p><strong>Optional:<\/strong><\/p>\n<ul>\n<li>ATEX-Zertifizierung.<\/li>\n<li>Version f\u00fcr den Einsatz auf pneumatischen F\u00f6rderanlagen unter Druck oder Unterdruck.<\/li>\n<li>Doppeltes oder dreifaches Siebgewebe<\/li>\n<li>Deckel.<\/li>\n<li>Fahrgestell f\u00fcr den Transport.<\/li>\n<li>Systeme zur Reinigung der Siebe.<\/li>\n<li>S\u00e4mtliches Zubeh\u00f6r, das \u00fcblicherweise f\u00fcr die Siebe unserer Produktion erh\u00e4ltlich ist.<\/li>\n<li>Erh\u00e4ltlich in der AISI316-Version (andere Materialien auf Anfrage).<\/li>\n<li>\u00c4u\u00dfere Stahlkonstruktionen aus Edelstahl AISI304<\/li>\n<li>Spezielle Oberfl\u00e4chen (Elektropolieren, Spiegelpolieren oder Kunststoffbeschichtungen)<\/li>\n<\/ul>\n<p><strong>F\u00fcr spezifische technische Eigenschaften wenden Sie sich bitte an unsere Verkaufsabteilung.<\/strong><\/p>\n","protected":false},"featured_media":258812,"comment_status":"open","ping_status":"closed","template":"","meta":{"_acf_changed":false,"_et_pb_use_builder":"","_et_pb_old_content":"","_et_gb_content_width":""},"product_brand":[],"product_cat":[153,152,150,164],"product_tag":[154,155],"class_list":{"0":"post-261489","1":"product","2":"type-product","3":"status-publish","4":"has-post-thumbnail","6":"product_cat-keramikbereich","7":"product_cat-lebensmittelbereich","8":"product_cat-vibrationssiebe","9":"product_cat-vibrationssiebe-fur-pulver","10":"product_tag-keramikbereich","11":"product_tag-lebensmittelbereich","13":"first","14":"instock","15":"shipping-taxable","16":"product-type-simple"},"acf":[],"_links":{"self":[{"href":"https:\/\/bitecnology.com\/de\/wp-json\/wp\/v2\/product\/261489","targetHints":{"allow":["GET"]}}],"collection":[{"href":"https:\/\/bitecnology.com\/de\/wp-json\/wp\/v2\/product"}],"about":[{"href":"https:\/\/bitecnology.com\/de\/wp-json\/wp\/v2\/types\/product"}],"replies":[{"embeddable":true,"href":"https:\/\/bitecnology.com\/de\/wp-json\/wp\/v2\/comments?post=261489"}],"wp:featuredmedia":[{"embeddable":true,"href":"https:\/\/bitecnology.com\/de\/wp-json\/wp\/v2\/media\/258812"}],"wp:attachment":[{"href":"https:\/\/bitecnology.com\/de\/wp-json\/wp\/v2\/media?parent=261489"}],"wp:term":[{"taxonomy":"product_brand","embeddable":true,"href":"https:\/\/bitecnology.com\/de\/wp-json\/wp\/v2\/product_brand?post=261489"},{"taxonomy":"product_cat","embeddable":true,"href":"https:\/\/bitecnology.com\/de\/wp-json\/wp\/v2\/product_cat?post=261489"},{"taxonomy":"product_tag","embeddable":true,"href":"https:\/\/bitecnology.com\/de\/wp-json\/wp\/v2\/product_tag?post=261489"}],"curies":[{"name":"wp","href":"https:\/\/api.w.org\/{rel}","templated":true}]}}