{"id":261494,"date":"2023-05-18T07:50:48","date_gmt":"2023-05-18T07:50:48","guid":{"rendered":"https:\/\/bitecnology.com\/prodotto\/kts\/"},"modified":"2023-05-18T07:50:48","modified_gmt":"2023-05-18T05:50:48","slug":"kts","status":"publish","type":"product","link":"https:\/\/bitecnology.com\/de\/prodotto\/kts\/","title":{"rendered":"KTS"},"content":{"rendered":"\n<table id=\"tablepress-30\" class=\"tablepress tablepress-id-30\">\n<thead>\n<tr class=\"row-1\">\n\t<th class=\"column-1\">Modello<br \/>\nModel<br \/>\nModelo<\/th><th class=\"column-2\">Movlmento<br \/>\nMovement<br \/>\nMovimiento<\/th><th class=\"column-3\">Ampiezza<br \/>\nWidth<br \/>\nAmplitud<\/th><th class=\"column-4\">Materiale costruttivo Material of construction <br \/>\nMaterial de construcci\u00f3n<\/th><th class=\"column-5\">Potenza elettrica <br \/>\nElectric power <br \/>\nPotencia el\u00e9ctrica<\/th><th class=\"column-6\">RPM<\/th><th class=\"column-7\">Superf\u00ecce vagliante Screening surface <br \/>\nSuperficie de cribado<\/th>\n<\/tr>\n<\/thead>\n<tbody class=\"row-striping row-hover\">\n<tr class=\"row-2\">\n\t<td class=\"column-1\">KTS600<\/td><td class=\"column-2\">TridimensionaJe, regolato in base al prodono<br \/>\n<br \/>\nTridimensional, adjusted depending on the type of product<br \/>\n<br \/>\nTridimensional, regulado seg\u00fan el tipo de producto<\/td><td class=\"column-3\">\"60-80 mm Orizzontale 5-40 mm Verticale<br \/>\n<br \/>\n60-80 mm Hor\u00eczontal 5-40 mmVerticaJ<br \/>\n<br \/>\n60-80 mm Hor\u00eczontal 5-40 mmVerticaJ\"<\/td><td class=\"column-4\">Acciaio dolce, Inox Inox specoie<br \/>\n<br \/>\nMild steel, Special inox<br \/>\n<br \/>\nAcero dulce, Inox Inoxidable esperia!<\/td><td class=\"column-5\">0,25 Kw<\/td><td class=\"column-6\">180\/280<\/td><td class=\"column-7\">Mq. \/Sq.mt\/M2 0,292<\/td>\n<\/tr>\n<tr class=\"row-3\">\n\t<td class=\"column-1\">KTS 1000<\/td><td class=\"column-2\">II<\/td><td class=\"column-3\">n<\/td><td class=\"column-4\">il<\/td><td class=\"column-5\">1,50 Kw.<\/td><td class=\"column-6\">180\/280<\/td><td class=\"column-7\">Mq. \/Sq.mt\/M2 0,785<\/td>\n<\/tr>\n<tr class=\"row-4\">\n\t<td class=\"column-1\">KTS 1200<\/td><td class=\"column-2\">II<\/td><td class=\"column-3\">il<\/td><td class=\"column-4\">il<\/td><td class=\"column-5\">2,20 Kw.<\/td><td class=\"column-6\">180\/280<\/td><td class=\"column-7\">Mq. \/Sq.mt\/M2 1,130<\/td>\n<\/tr>\n<tr class=\"row-5\">\n\t<td class=\"column-1\">KTS 1600<\/td><td class=\"column-2\">II<\/td><td class=\"column-3\">n<\/td><td class=\"column-4\">il<\/td><td class=\"column-5\">2,20 Kw.<\/td><td class=\"column-6\">180\/280<\/td><td class=\"column-7\">Mq. \/ Sq. mt. \/ M2 1,830<\/td>\n<\/tr>\n<tr class=\"row-6\">\n\t<td class=\"column-1\">KTS 2000<\/td><td class=\"column-2\">II<\/td><td class=\"column-3\">\t<br \/>\nn<\/td><td class=\"column-4\">il<\/td><td class=\"column-5\">4,00 Kw.<\/td><td class=\"column-6\">180\/280<\/td><td class=\"column-7\">Mq. \/Sq.mt\/M2 2,630<\/td>\n<\/tr>\n<tr class=\"row-7\">\n\t<td class=\"column-1\">KTS 2400<\/td><td class=\"column-2\">II<\/td><td class=\"column-3\">il<\/td><td class=\"column-4\">il<\/td><td class=\"column-5\">5,50 Kw.<\/td><td class=\"column-6\">180\/280<\/td><td class=\"column-7\">Mq. \/Sq.mt.\/ M2 4,520<\/td>\n<\/tr>\n<tr class=\"row-8\">\n\t<td class=\"column-1\">KTS 2600<\/td><td class=\"column-2\">II<\/td><td class=\"column-3\">n<\/td><td class=\"column-4\">il<\/td><td class=\"column-5\">5,5\/7,5 Kw.<\/td><td class=\"column-6\">180\/280<\/td><td class=\"column-7\">Mq. \/ Sq. mt. \/ M2 5,310<\/td>\n<\/tr>\n<\/tbody>\n<\/table>\n\n<p>&nbsp;<\/p>\n<span class=\"et_bloom_bottom_trigger\"><\/span>","protected":false},"excerpt":{"rendered":"<h1 class=\"dsm-text-divider-header et_pb_module_header\">KTS<\/h1>\n<p><strong>Funktionsweise<\/strong><\/p>\n<p>Die Bewegung eines Taumelsiebs ist vergleichbar mit dem manuellen Sieben, \u00e4hnlich wie es ein \u201eGoldw\u00e4scher\u201d tut.<\/p>\n<p>Das Produkt wird kontinuierlich in die Mitte des Siebs gegeben und verteilt sich gleichm\u00e4\u00dfig auf der Siebfl\u00e4che nach au\u00dfen.<\/p>\n<p>Die feinen Partikel gelangen in der Mitte durch das Sieb, w\u00e4hrend die gr\u00f6\u00dferen Partikel durch eine spiralf\u00f6rmige Bewegung zum Rand hin abgeschieden werden, wodurch ihre Beschleunigung erh\u00f6ht wird.<\/p>\n<p>Alle Fraktionen werden \u00fcber seitliche Ausl\u00e4sse abgef\u00fchrt.<\/p>\n<p>F\u00fcr jede Korngr\u00f6\u00dfenfraktion wird dieser Siebvorgang wiederholt.<\/p>\n","protected":false},"featured_media":258905,"comment_status":"open","ping_status":"closed","template":"","meta":{"_acf_changed":false,"_et_pb_use_builder":"","_et_pb_old_content":"","_et_gb_content_width":""},"product_brand":[],"product_cat":[157,153,152,166,150],"product_tag":[158,154,155],"class_list":{"0":"post-261494","1":"product","2":"type-product","3":"status-publish","4":"has-post-thumbnail","6":"product_cat-industrie","7":"product_cat-keramikbereich","8":"product_cat-lebensmittelbereich","9":"product_cat-taumelsiebe","10":"product_cat-vibrationssiebe","11":"product_tag-industrie","12":"product_tag-keramikbereich","13":"product_tag-lebensmittelbereich","15":"first","16":"instock","17":"shipping-taxable","18":"product-type-simple"},"acf":[],"_links":{"self":[{"href":"https:\/\/bitecnology.com\/de\/wp-json\/wp\/v2\/product\/261494","targetHints":{"allow":["GET"]}}],"collection":[{"href":"https:\/\/bitecnology.com\/de\/wp-json\/wp\/v2\/product"}],"about":[{"href":"https:\/\/bitecnology.com\/de\/wp-json\/wp\/v2\/types\/product"}],"replies":[{"embeddable":true,"href":"https:\/\/bitecnology.com\/de\/wp-json\/wp\/v2\/comments?post=261494"}],"wp:featuredmedia":[{"embeddable":true,"href":"https:\/\/bitecnology.com\/de\/wp-json\/wp\/v2\/media\/258905"}],"wp:attachment":[{"href":"https:\/\/bitecnology.com\/de\/wp-json\/wp\/v2\/media?parent=261494"}],"wp:term":[{"taxonomy":"product_brand","embeddable":true,"href":"https:\/\/bitecnology.com\/de\/wp-json\/wp\/v2\/product_brand?post=261494"},{"taxonomy":"product_cat","embeddable":true,"href":"https:\/\/bitecnology.com\/de\/wp-json\/wp\/v2\/product_cat?post=261494"},{"taxonomy":"product_tag","embeddable":true,"href":"https:\/\/bitecnology.com\/de\/wp-json\/wp\/v2\/product_tag?post=261494"}],"curies":[{"name":"wp","href":"https:\/\/api.w.org\/{rel}","templated":true}]}}