{"id":261497,"date":"2023-05-18T08:24:27","date_gmt":"2023-05-18T08:24:27","guid":{"rendered":"https:\/\/bitecnology.com\/prodotto\/sonitech-ultraschallsystem\/"},"modified":"2023-05-18T08:24:27","modified_gmt":"2023-05-18T06:24:27","slug":"sonitech-ultraschallsystem","status":"publish","type":"product","link":"https:\/\/bitecnology.com\/de\/prodotto\/sonitech-ultraschallsystem\/","title":{"rendered":"Sonitech Ultraschallsystem"},"content":{"rendered":"\n<table id=\"tablepress-31\" class=\"tablepress tablepress-id-31\">\n<thead>\n<tr class=\"row-1\">\n\t<th class=\"column-1\">Modello<br \/>\nModel<br \/>\nModelo<\/th><th class=\"column-2\">Materiale costruttivo Material of construction <br \/>\nMaterial de construcci\u00f3n<\/th><th class=\"column-3\">Potenza elettrica <br \/>\nElectric power <br \/>\nPotencia el\u00e9ctrica<\/th><th class=\"column-4\">RPM<\/th><th class=\"column-5\">Superf\u00ecce vagliante Screening surface <br \/>\nSuperficie de cribado<\/th>\n<\/tr>\n<\/thead>\n<tbody class=\"row-striping row-hover\">\n<tr class=\"row-2\">\n\t<td class=\"column-1\">BI.PVAL.450<\/td><td class=\"column-2\">IncoeAISI 304 LI Stainless Steel \/ Inoxidable<\/td><td class=\"column-3\">0,19 Kw.<\/td><td class=\"column-4\">3000<\/td><td class=\"column-5\">Mq. \/ Sq. mt. \/ M2 0,105<\/td>\n<\/tr>\n<tr class=\"row-3\">\n\t<td class=\"column-1\">BI.PVA.L. 600<\/td><td class=\"column-2\">InaxAISI 304 LI Stainless Steel \/ Inoxidable<\/td><td class=\"column-3\">0,48 Kw.<\/td><td class=\"column-4\">3000<\/td><td class=\"column-5\">Mq. \/Sq.mt.\/M2 0,265<\/td>\n<\/tr>\n<tr class=\"row-4\">\n\t<td class=\"column-1\">BI.PVA.L. 800<\/td><td class=\"column-2\">Inox AISI 304 LI Stainless Steel \/ Inoxidable<\/td><td class=\"column-3\">0,48 Kw.<\/td><td class=\"column-4\">3000<\/td><td class=\"column-5\">Mq. \/Sq.mt.\/M2 0,425<\/td>\n<\/tr>\n<\/tbody>\n<\/table>\n<!-- #tablepress-31 from cache -->\n<p>&nbsp;<\/p>\n<span class=\"et_bloom_bottom_trigger\"><\/span>","protected":false},"excerpt":{"rendered":"<h2>SONITECH ULTRASCHALLSYSTEM<\/h2>\n<p>Das Ultraschallsystem l\u00e4sst sich sehr gut in den Siebbereich integrieren und bietet verschiedene Vorteile, darunter <strong>eine hohe Produktionsleistung, eine gleichm\u00e4\u00dfige Verteilung des Pulvers auf dem Sieb und eine Verringerung der Sinterung.<\/strong><\/p>\n<p>Das System erm\u00f6glicht es, die Oberfl\u00e4che <strong>des Siebs st\u00e4ndig sauber zu halten<\/strong>, ohne auf verschiedene Reinigungssysteme zur\u00fcckgreifen zu m\u00fcssen, wie z. B. Reiniger, Sprungkugeln oder B\u00fcrsten. Diese werden \u00fcber oder unter dem Sieb angebracht und k\u00f6nnen zu vorzeitigem Verschlei\u00df des Siebs f\u00fchren und die Reinigung der Komponenten erschweren.<\/p>\n<p>Ultraschall eignet sich au\u00dferdem f\u00fcr Arbeitszyklen, bei denen h\u00e4ufige Farbwechsel (z. B. Pulverlacke) den Einsatz verschiedener Reinigungssysteme unm\u00f6glich machen w\u00fcrden, da diese verschmutzen und die Reinigungszeiten verl\u00e4ngern w\u00fcrden, oder in F\u00e4llen, in denen die Verwendung von anderen Materialien als Edelstahl (z. B. Gummikugeln), auch wenn diese zertifiziert sind, zu einer Kontamination des Produkts f\u00fchren k\u00f6nnte.<\/p>\n<p>Geeignet f\u00fcr die Arbeit mit einem Maschenweite von 20 bis 1000 Mikrometern.<\/p>\n<p>Das System ist au\u00dferdem f\u00fcr den Einsatz in explosionsgef\u00e4hrdeten Bereichen zertifiziert (ATEX II 2 G\/D).<\/p>\n<p>Das System erfordert keine radikalen konstruktiven \u00c4nderungen am Vibrationssieb.<\/p>\n<p><strong>Einige Branchen, die dieses System regelm\u00e4\u00dfig nutzen, sind: Pharma &#8211; Chemie &#8211; Kosmetik &#8211; Oxide &#8211; Pigmente &#8211; Toner &#8211; Gips &#8211; Zucker &#8211; Gew\u00fcrze &#8211; Metallpulver &#8211; Glas.<\/strong><\/p>\n","protected":false},"featured_media":258916,"comment_status":"open","ping_status":"closed","template":"","meta":{"_acf_changed":false,"_et_pb_use_builder":"","_et_pb_old_content":"","_et_gb_content_width":""},"product_brand":[],"product_cat":[157,156,150,167],"product_tag":[158,159],"class_list":{"0":"post-261497","1":"product","2":"type-product","3":"status-publish","4":"has-post-thumbnail","6":"product_cat-industrie","7":"product_cat-pharmazeutischer-bereich","8":"product_cat-vibrationssiebe","9":"product_cat-zubehor-fur-vibrationssiebe","10":"product_tag-industrie","11":"product_tag-pharmazeutischer-bereich","13":"first","14":"instock","15":"shipping-taxable","16":"product-type-simple"},"acf":[],"_links":{"self":[{"href":"https:\/\/bitecnology.com\/de\/wp-json\/wp\/v2\/product\/261497","targetHints":{"allow":["GET"]}}],"collection":[{"href":"https:\/\/bitecnology.com\/de\/wp-json\/wp\/v2\/product"}],"about":[{"href":"https:\/\/bitecnology.com\/de\/wp-json\/wp\/v2\/types\/product"}],"replies":[{"embeddable":true,"href":"https:\/\/bitecnology.com\/de\/wp-json\/wp\/v2\/comments?post=261497"}],"wp:featuredmedia":[{"embeddable":true,"href":"https:\/\/bitecnology.com\/de\/wp-json\/wp\/v2\/media\/258916"}],"wp:attachment":[{"href":"https:\/\/bitecnology.com\/de\/wp-json\/wp\/v2\/media?parent=261497"}],"wp:term":[{"taxonomy":"product_brand","embeddable":true,"href":"https:\/\/bitecnology.com\/de\/wp-json\/wp\/v2\/product_brand?post=261497"},{"taxonomy":"product_cat","embeddable":true,"href":"https:\/\/bitecnology.com\/de\/wp-json\/wp\/v2\/product_cat?post=261497"},{"taxonomy":"product_tag","embeddable":true,"href":"https:\/\/bitecnology.com\/de\/wp-json\/wp\/v2\/product_tag?post=261497"}],"curies":[{"name":"wp","href":"https:\/\/api.w.org\/{rel}","templated":true}]}}