{"id":261509,"date":"2023-06-16T09:36:36","date_gmt":"2023-06-16T09:36:36","guid":{"rendered":"https:\/\/bitecnology.com\/prodotto\/schmelzaggregat-gsp-e\/"},"modified":"2023-06-16T09:36:36","modified_gmt":"2023-06-16T07:36:36","slug":"schmelzaggregat-gsp-e","status":"publish","type":"product","link":"https:\/\/bitecnology.com\/de\/prodotto\/schmelzaggregat-gsp-e\/","title":{"rendered":"Schmelzaggregat GSP-E"},"content":{"rendered":"\n<table id=\"tablepress-74\" class=\"tablepress tablepress-id-74\">\n<thead>\n<tr class=\"row-1\">\n\t<th class=\"column-1\">Modello<br \/>\n<br \/>\nModel<br \/>\n<br \/>\nModelo<\/th><th class=\"column-2\">Potenza elettrica<br \/>\n<br \/>\nElectric power<br \/>\n<br \/>\nPotencia el\u00e9ctrica<\/th><th class=\"column-3\">Capacit\u00e0<br \/>\n<br \/>\nCapacity<br \/>\n<br \/>\nCapacidad<\/th>\n<\/tr>\n<\/thead>\n<tbody class=\"row-striping row-hover\">\n<tr class=\"row-2\">\n\t<td class=\"column-1\">GSP-E 300 2K<\/td><td class=\"column-2\">3+2,2 Kw.<\/td><td class=\"column-3\">lt. 300<\/td>\n<\/tr>\n<tr class=\"row-3\">\n\t<td class=\"column-1\">GSP-E 500 2K<\/td><td class=\"column-2\">3+2,2 Kw.<\/td><td class=\"column-3\">lt. 500<\/td>\n<\/tr>\n<tr class=\"row-4\">\n\t<td class=\"column-1\">GSP-E 800 4K<\/td><td class=\"column-2\">5,5+4 Kw.<\/td><td class=\"column-3\"> lt. 800<\/td>\n<\/tr>\n<tr class=\"row-5\">\n\t<td class=\"column-1\"> GSP-E 1000<\/td><td class=\"column-2\">7,5+4 Kw.\t<\/td><td class=\"column-3\">lt. 1000 <\/td>\n<\/tr>\n<tr class=\"row-6\">\n\t<td class=\"column-1\"> GSP-E 1500<\/td><td class=\"column-2\">7,5+4 Kw.<\/td><td class=\"column-3\">lt. 1500 <\/td>\n<\/tr>\n<tr class=\"row-7\">\n\t<td class=\"column-1\">GSP-E 2000<\/td><td class=\"column-2\">9,2+7,5 Kw.<\/td><td class=\"column-3\">lt. 2000<\/td>\n<\/tr>\n<\/tbody>\n<\/table>\n\n<span class=\"et_bloom_bottom_trigger\"><\/span>","protected":false},"excerpt":{"rendered":"<h2>Schmelzaggregat mit vertikalem R\u00fchrwerk und externer Pumpe GSP-E<\/h2>\n<p>Das Schmelz- und R\u00fcckgewinnungsaggregat Modell GSP-E erm\u00f6glicht das schnelle Aufl\u00f6sen von Abfallpulvern aus R\u00fcckst\u00e4nden der Keramikindustrie in Wasser.<br \/>\nDieser Produkttyp findet auch Anwendung in der Eisen- und Stahlindustrie, der Lebensmittel-, Wein- und Chemieindustrie sowie \u00fcberall dort, wo Pulver schnell in Wasser gel\u00f6st werden m\u00fcssen.<\/p>\n<p>Dank der kombinierten Wirkung des R\u00fchrwerks mit Tragfl\u00e4chenprofil-Propeller und der horizontalen Kreiselpumpe, die durch dynamisches R\u00fchren und Rezirkulation das Produkt homogenisieren und Klumpen eliminieren, kann diese Maschine auch gro\u00dfe Mengen an Feststoffen aufl\u00f6sen.<\/p>\n<p>Die gesamte Einheit wird \u00fcber ein elektronisches Wiegesystem und eine SPS gesteuert, die den Einzug von Pulver\/Fl\u00fcssigkeit sowie die verschiedenen Arbeits- und Reinigungszyklen automatisch regeln.<\/p>\n<p>Die Stahlbaukomponenten, einschlie\u00dflich Tank, Traverse und W\u00e4gezellen, sind aus Edelstahl AISI 304 gefertigt.<\/p>\n<p>Verschlei\u00dfteile der Pumpe und der Rohrleitungen sind mit abriebfestem Gummi ausgekleidet, um die Lebensdauer zu erh\u00f6hen.<\/p>\n<p><strong>Technische Daten:<\/strong><\/p>\n<ul>\n<li>Tankmaterial: Edelstahl AISI 304 (andere Materialien auf Anfrage)<\/li>\n<li>Weitere Teile: Edelstahl AISI 304<\/li>\n<li>R\u00fchrwerk Modell AL-S (andere Modelle auf Anfrage)<\/li>\n<li>Pumpengeh\u00e4use: Gusseisen<\/li>\n<li>Innenverkleidungen: austauschbar in verschiedenen verschlei\u00dffesten oder s\u00e4urebest\u00e4ndigen Gummitypen.<\/li>\n<li>Laufr\u00e4der: aus Speziallegierungen oder mit verschiedenen abriebfesten Gummitypen beschichtet.<\/li>\n<li>Betriebstemperaturen: Silikonbeschichtung von -10 \u00b0C bis +110 \u00b0C<\/li>\n<li>Betriebstemperaturen: Nitrilbeschichtung von -10 \u00b0C bis +90 \u00b0C<\/li>\n<li>Einsatztemperaturen: Naturkautschukbeschichtung von -10 \u00b0C bis +60 \u00b0C<\/li>\n<li>Durchgang von Schwebstoffen: variiert je nach Gr\u00f6\u00dfe der verwendeten Pumpe<\/li>\n<\/ul>\n<p><strong>F\u00fcr spezifische technische Daten kontaktieren Sie bitte unsere Verkaufsabteilung.<\/strong><\/p>\n","protected":false},"featured_media":259949,"comment_status":"open","ping_status":"closed","template":"","meta":{"_acf_changed":false,"_et_pb_use_builder":"","_et_pb_old_content":"","_et_gb_content_width":""},"product_brand":[],"product_cat":[157,153,152,173,174],"product_tag":[158,154,155],"class_list":{"0":"post-261509","1":"product","2":"type-product","3":"status-publish","4":"has-post-thumbnail","6":"product_cat-industrie","7":"product_cat-keramikbereich","8":"product_cat-lebensmittelbereich","9":"product_cat-schmelzaggregate","10":"product_cat-schmelzer","11":"product_tag-industrie","12":"product_tag-keramikbereich","13":"product_tag-lebensmittelbereich","15":"first","16":"instock","17":"shipping-taxable","18":"product-type-simple"},"acf":[],"_links":{"self":[{"href":"https:\/\/bitecnology.com\/de\/wp-json\/wp\/v2\/product\/261509","targetHints":{"allow":["GET"]}}],"collection":[{"href":"https:\/\/bitecnology.com\/de\/wp-json\/wp\/v2\/product"}],"about":[{"href":"https:\/\/bitecnology.com\/de\/wp-json\/wp\/v2\/types\/product"}],"replies":[{"embeddable":true,"href":"https:\/\/bitecnology.com\/de\/wp-json\/wp\/v2\/comments?post=261509"}],"wp:featuredmedia":[{"embeddable":true,"href":"https:\/\/bitecnology.com\/de\/wp-json\/wp\/v2\/media\/259949"}],"wp:attachment":[{"href":"https:\/\/bitecnology.com\/de\/wp-json\/wp\/v2\/media?parent=261509"}],"wp:term":[{"taxonomy":"product_brand","embeddable":true,"href":"https:\/\/bitecnology.com\/de\/wp-json\/wp\/v2\/product_brand?post=261509"},{"taxonomy":"product_cat","embeddable":true,"href":"https:\/\/bitecnology.com\/de\/wp-json\/wp\/v2\/product_cat?post=261509"},{"taxonomy":"product_tag","embeddable":true,"href":"https:\/\/bitecnology.com\/de\/wp-json\/wp\/v2\/product_tag?post=261509"}],"curies":[{"name":"wp","href":"https:\/\/api.w.org\/{rel}","templated":true}]}}