{"id":261512,"date":"2023-06-16T09:38:36","date_gmt":"2023-06-16T09:38:36","guid":{"rendered":"https:\/\/bitecnology.com\/prodotto\/loeseeinheit-gsp-6-8\/"},"modified":"2023-06-16T09:38:36","modified_gmt":"2023-06-16T07:38:36","slug":"loeseeinheit-gsp-6-8","status":"publish","type":"product","link":"https:\/\/bitecnology.com\/de\/prodotto\/loeseeinheit-gsp-6-8\/","title":{"rendered":"L\u00f6seeinheit GSP 6-8"},"content":{"rendered":"\n<table id=\"tablepress-77\" class=\"tablepress tablepress-id-77\">\n<thead>\n<tr class=\"row-1\">\n\t<th class=\"column-1\">Modello<br \/>\n<br \/>\nModel<br \/>\n<br \/>\nModelo<\/th><th class=\"column-2\">Potenza elettrica<br \/>\n<br \/>\nElectric power<br \/>\n<br \/>\nPotencia el\u00e9ctrica<\/th><th class=\"column-3\">Capacit\u00e0<br \/>\n<br \/>\nCapacity<br \/>\n<br \/>\nCapacidad<\/th>\n<\/tr>\n<\/thead>\n<tbody class=\"row-striping row-hover\">\n<tr class=\"row-2\">\n\t<td class=\"column-1\">GSP 6<\/td><td class=\"column-2\">18.5 Kw.<\/td><td class=\"column-3\">lt. 1500<\/td>\n<\/tr>\n<tr class=\"row-3\">\n\t<td class=\"column-1\">GSP 8<\/td><td class=\"column-2\">15 Kw.<\/td><td class=\"column-3\">lt. 1500<\/td>\n<\/tr>\n<\/tbody>\n<\/table>\n\n<span class=\"et_bloom_bottom_trigger\"><\/span>","protected":false},"excerpt":{"rendered":"<h2>L\u00f6seeinheit<br \/>\nRiemenantrieb GSP T 6-8<\/h2>\n<p>Die L\u00f6se- und R\u00fcckgewinnungseinheit Modell GSP T erm\u00f6glicht die schnelle Dispersion von Abfallpulvern aus Zerst\u00e4uberfiltern und Keramikr\u00fcckst\u00e4nden in Wasser.<br \/>\nDieser Produkttyp findet auch Anwendung in der Stahl-, Lebensmittel- und Weinindustrie sowie \u00fcberall dort, wo Pulver schnell in Wasser gel\u00f6st werden m\u00fcssen.<\/p>\n<p>Dies geschieht durch die Wirkung der gummibeschichteten vertikalen Zentrifugalpumpe, die in ihrer Rezirkulationsfunktion das Produkt homogenisiert und eventuelle Klumpen im Material beseitigt.<\/p>\n<p>Die gesamte Einheit wird \u00fcber ein elektronisches Wiegesystem und eine SPS gesteuert, die den Einzug von Pulver\/Fl\u00fcssigkeit sowie die verschiedenen Arbeits- und Reinigungszyklen automatisch regeln.<\/p>\n<p>Die Stahlbaukomponenten, einschlie\u00dflich Tank, Traverse und W\u00e4gezellen, sind aus Edelstahl AISI 304 gefertigt.<\/p>\n<p>Verschlei\u00dfteile der Pumpe und der Rohrleitungen sind mit abriebfestem Gummi ausgekleidet, um die Lebensdauer zu erh\u00f6hen.<\/p>\n<p><strong>Technische Daten:<\/strong><\/p>\n<ul>\n<li>Tankmaterial: Edelstahl AISI 304 (andere Materialien auf Anfrage)<\/li>\n<li>Andere Teile: behandelter Stahl Fe 52<\/li>\n<li>Pumpengeh\u00e4use: Gusseisen<\/li>\n<li>Innenverkleidungen: austauschbar in verschiedenen abriebfesten Gummitypen.<\/li>\n<li>Laufr\u00e4der: aus Speziallegierungen oder mit verschiedenen abriebfesten Gummitypen beschichtet.<\/li>\n<li>Betriebstemperaturen: Silikonbeschichtung von -10 \u00b0C bis +110 \u00b0C<\/li>\n<li>Betriebstemperaturen: Nitrilbeschichtung von -10 \u00b0C bis +90 \u00b0C<\/li>\n<li>Einsatztemperaturen: Naturkautschukbeschichtung von -10 \u00b0C bis +60 \u00b0C<\/li>\n<li>Durchgang von Schwebstoffen: variiert je nach Gr\u00f6\u00dfe der verwendeten Pumpe<\/li>\n<\/ul>\n<p><strong>F\u00fcr spezifische technische Daten kontaktieren Sie bitte unsere Verkaufsabteilung.<\/strong><\/p>\n","protected":false},"featured_media":259965,"comment_status":"open","ping_status":"closed","template":"","meta":{"_acf_changed":false,"_et_pb_use_builder":"","_et_pb_old_content":"","_et_gb_content_width":""},"product_brand":[],"product_cat":[157,153,152,173,174],"product_tag":[158,154,155],"class_list":{"0":"post-261512","1":"product","2":"type-product","3":"status-publish","4":"has-post-thumbnail","6":"product_cat-industrie","7":"product_cat-keramikbereich","8":"product_cat-lebensmittelbereich","9":"product_cat-schmelzaggregate","10":"product_cat-schmelzer","11":"product_tag-industrie","12":"product_tag-keramikbereich","13":"product_tag-lebensmittelbereich","15":"first","16":"instock","17":"shipping-taxable","18":"product-type-simple"},"acf":[],"_links":{"self":[{"href":"https:\/\/bitecnology.com\/de\/wp-json\/wp\/v2\/product\/261512","targetHints":{"allow":["GET"]}}],"collection":[{"href":"https:\/\/bitecnology.com\/de\/wp-json\/wp\/v2\/product"}],"about":[{"href":"https:\/\/bitecnology.com\/de\/wp-json\/wp\/v2\/types\/product"}],"replies":[{"embeddable":true,"href":"https:\/\/bitecnology.com\/de\/wp-json\/wp\/v2\/comments?post=261512"}],"wp:featuredmedia":[{"embeddable":true,"href":"https:\/\/bitecnology.com\/de\/wp-json\/wp\/v2\/media\/259965"}],"wp:attachment":[{"href":"https:\/\/bitecnology.com\/de\/wp-json\/wp\/v2\/media?parent=261512"}],"wp:term":[{"taxonomy":"product_brand","embeddable":true,"href":"https:\/\/bitecnology.com\/de\/wp-json\/wp\/v2\/product_brand?post=261512"},{"taxonomy":"product_cat","embeddable":true,"href":"https:\/\/bitecnology.com\/de\/wp-json\/wp\/v2\/product_cat?post=261512"},{"taxonomy":"product_tag","embeddable":true,"href":"https:\/\/bitecnology.com\/de\/wp-json\/wp\/v2\/product_tag?post=261512"}],"curies":[{"name":"wp","href":"https:\/\/api.w.org\/{rel}","templated":true}]}}