{"id":261528,"date":"2023-06-16T08:28:12","date_gmt":"2023-06-16T08:28:12","guid":{"rendered":"https:\/\/bitecnology.com\/prodotto\/epv-ft-epv-fg-vertikale-elektropumpe-mit-frontaler-ansaugung\/"},"modified":"2023-06-16T08:28:12","modified_gmt":"2023-06-16T06:28:12","slug":"epv-ft-epv-fg-vertikale-elektropumpe-mit-frontaler-ansaugung","status":"publish","type":"product","link":"https:\/\/bitecnology.com\/de\/prodotto\/epv-ft-epv-fg-vertikale-elektropumpe-mit-frontaler-ansaugung\/","title":{"rendered":"EPV-FT \/ EPV-FG Vertikale Elektropumpe mit frontaler Ansaugung"},"content":{"rendered":"\n<table id=\"tablepress-66\" class=\"tablepress tablepress-id-66\">\n<thead>\n<tr class=\"row-1\">\n\t<th class=\"column-1\">Modello<br \/>\n<br \/>\nModel<br \/>\n<br \/>\nModelo<\/th><th class=\"column-2\">Kw<br \/>\n<br \/>\nKw<br \/>\n<br \/>\nKw<\/th><th class=\"column-3\">Poli<br \/>\n<br \/>\nPoles<br \/>\n<br \/>\nPostes<\/th>\n<\/tr>\n<\/thead>\n<tbody class=\"row-striping row-hover\">\n<tr class=\"row-2\">\n\t<td class=\"column-1\">EPV-FT-3<\/td><td class=\"column-2\">4<\/td><td class=\"column-3\">4<\/td>\n<\/tr>\n<tr class=\"row-3\">\n\t<td class=\"column-1\">EPV-FG-3<\/td><td class=\"column-2\">4<\/td><td class=\"column-3\">4<\/td>\n<\/tr>\n<tr class=\"row-4\">\n\t<td class=\"column-1\"><\/td><td class=\"column-2\"><\/td><td class=\"column-3\"><\/td>\n<\/tr>\n<tr class=\"row-5\">\n\t<td class=\"column-1\">EPV-FT-4<\/td><td class=\"column-2\">7.5<\/td><td class=\"column-3\">4<\/td>\n<\/tr>\n<tr class=\"row-6\">\n\t<td class=\"column-1\">EPV-FG-4<\/td><td class=\"column-2\">7.5<\/td><td class=\"column-3\">4<\/td>\n<\/tr>\n<tr class=\"row-7\">\n\t<td class=\"column-1\"><\/td><td class=\"column-2\"><\/td><td class=\"column-3\"><\/td>\n<\/tr>\n<tr class=\"row-8\">\n\t<td class=\"column-1\">EPV-FT-5<\/td><td class=\"column-2\">7.5 <\/td><td class=\"column-3\">4<\/td>\n<\/tr>\n<tr class=\"row-9\">\n\t<td class=\"column-1\">EPV-FG-5<\/td><td class=\"column-2\">7.5<\/td><td class=\"column-3\">4<\/td>\n<\/tr>\n<tr class=\"row-10\">\n\t<td class=\"column-1\">EPV-FT-5<\/td><td class=\"column-2\">9.2<\/td><td class=\"column-3\">4<\/td>\n<\/tr>\n<tr class=\"row-11\">\n\t<td class=\"column-1\">EPV-FG-5<\/td><td class=\"column-2\">9.2<\/td><td class=\"column-3\">4<\/td>\n<\/tr>\n<tr class=\"row-12\">\n\t<td class=\"column-1\"><\/td><td class=\"column-2\"><\/td><td class=\"column-3\"><\/td>\n<\/tr>\n<tr class=\"row-13\">\n\t<td class=\"column-1\">EPV-FT-6<\/td><td class=\"column-2\">18.5<\/td><td class=\"column-3\">4<\/td>\n<\/tr>\n<tr class=\"row-14\">\n\t<td class=\"column-1\">EPV-FG-6<\/td><td class=\"column-2\">18.5<\/td><td class=\"column-3\">4<\/td>\n<\/tr>\n<tr class=\"row-15\">\n\t<td class=\"column-1\"><\/td><td class=\"column-2\"><\/td><td class=\"column-3\"><\/td>\n<\/tr>\n<tr class=\"row-16\">\n\t<td class=\"column-1\">EPV-FT-8<\/td><td class=\"column-2\">15<\/td><td class=\"column-3\">4<\/td>\n<\/tr>\n<tr class=\"row-17\">\n\t<td class=\"column-1\">EPV-FG-8<\/td><td class=\"column-2\">15<\/td><td class=\"column-3\">4<\/td>\n<\/tr>\n<tr class=\"row-18\">\n\t<td class=\"column-1\"><\/td><td class=\"column-2\"><\/td><td class=\"column-3\"><\/td>\n<\/tr>\n<tr class=\"row-19\">\n\t<td class=\"column-1\">EPV-FT-10<\/td><td class=\"column-2\">22<\/td><td class=\"column-3\">4<\/td>\n<\/tr>\n<tr class=\"row-20\">\n\t<td class=\"column-1\">EPV-FG-10<\/td><td class=\"column-2\">22<\/td><td class=\"column-3\">4<\/td>\n<\/tr>\n<tr class=\"row-21\">\n\t<td class=\"column-1\">EPV-FT-10<\/td><td class=\"column-2\">30<\/td><td class=\"column-3\">4<\/td>\n<\/tr>\n<tr class=\"row-22\">\n\t<td class=\"column-1\">EPV-FG-10<\/td><td class=\"column-2\">30<\/td><td class=\"column-3\">4<\/td>\n<\/tr>\n<tr class=\"row-23\">\n\t<td class=\"column-1\"><\/td><td class=\"column-2\"><\/td><td class=\"column-3\"><\/td>\n<\/tr>\n<tr class=\"row-24\">\n\t<td class=\"column-1\">EPV-FT-15<\/td><td class=\"column-2\">30<\/td><td class=\"column-3\">4<\/td>\n<\/tr>\n<tr class=\"row-25\">\n\t<td class=\"column-1\">EPV-FG-15<\/td><td class=\"column-2\">30<\/td><td class=\"column-3\">4<\/td>\n<\/tr>\n<tr class=\"row-26\">\n\t<td class=\"column-1\">EPV-FG-15<\/td><td class=\"column-2\">40<\/td><td class=\"column-3\">4<\/td>\n<\/tr>\n<tr class=\"row-27\">\n\t<td class=\"column-1\"><\/td><td class=\"column-2\"><\/td><td class=\"column-3\"><\/td>\n<\/tr>\n<tr class=\"row-28\">\n\t<td class=\"column-1\">EPV-FG-17<\/td><td class=\"column-2\">40<\/td><td class=\"column-3\">4<\/td>\n<\/tr>\n<tr class=\"row-29\">\n\t<td class=\"column-1\">EPV-FG-17<\/td><td class=\"column-2\">55<\/td><td class=\"column-3\">4<\/td>\n<\/tr>\n<tr class=\"row-30\">\n\t<td class=\"column-1\">EPV-FG-17<\/td><td class=\"column-2\">75<\/td><td class=\"column-3\">4<\/td>\n<\/tr>\n<\/tbody>\n<\/table>\n\n<span class=\"et_bloom_bottom_trigger\"><\/span>","protected":false},"excerpt":{"rendered":"<h2>VERTIKALE ELEKTROPUMPE<br \/>\nFRONTALE ANSAUGUNG<br \/>\n&#8211; RIEMENANTRIEB<br \/>\n&#8211; KUPPLUNG<\/h2>\n<p>Die vertikalen Kreisel-Elektropumpen der Modelle EPV-FT und EPV-FG wurden speziell f\u00fcr die F\u00f6rderung hochabrasiver Fl\u00fcssigkeiten entwickelt, wie z. B.: keramische Schlicker, Glasuren, Schmutzwasser mit Schwebstoffen, Abw\u00e4sser, Sande, Granulate, Marmorschneidr\u00fcckst\u00e4nde, Abw\u00e4sser aus Stahlwerken, S\u00e4uren usw.<\/p>\n<p>Der Motor entspricht dem Standardtyp (UNI) und ist in allen derzeit auf dem Markt verf\u00fcgbaren Konfigurationen erh\u00e4ltlich.<br \/>\nDie offenen Laufr\u00e4der erm\u00f6glichen den Durchgang von Schwebstoffen, auch in gro\u00dfen Abmessungen (kontaktieren Sie f\u00fcr n\u00e4here Informationen bitte unsere technische Abteilung).<\/p>\n<p>Geh\u00e4use und Laufr\u00e4der sind mit speziellen abriebfesten Gummimischungen beschichtet oder aus Hartstoffen (Hardalloy) gefertigt.<\/p>\n<p>Die Pumpe EPV-T nutzt einen indirekten Antrieb \u00fcber Keilriemen und bietet die M\u00f6glichkeit, die Pumpengeschwindigkeit zu w\u00e4hlen, um die Arbeitskurve optimal zu definieren.<br \/>\nDie Pumpe EPV-G nutzt einen Direktantrieb, wobei die F\u00fchrungshalterung mittels einer elastischen Sternkupplung mit dem Motor verbunden ist.<\/p>\n<p>Beide Pumpen m\u00fcssen in jedem Fall so positioniert werden, dass sich der Motor oberhalb des Fl\u00fcssigkeitsspiegels des F\u00f6rdermediums befindet.<\/p>\n<p><strong>Technische Daten:<\/strong><\/p>\n<ul>\n<li>Geh\u00e4use: Gusseisen<\/li>\n<li>Innenverkleidungen: austauschbar mit verschiedenen Arten von verschlei\u00dffestem Gummi<\/li>\n<li>Laufr\u00e4der: aus Speziallegierungen oder mit verschiedenen Arten von verschlei\u00dffestem Gummi beschichtet<\/li>\n<li>Dichtungen: NBR &#8211; Viton &#8211; PTFE &#8211; Silikon &#8211; EPDM &#8211; etc.<\/li>\n<li>Betriebstemperaturen: Nitrilbeschichtung von -10 \u00b0C bis +90 \u00b0C<\/li>\n<li>Einsatztemperaturen: Naturkautschukbeschichtung von -10 \u00b0C bis +60 \u00b0C<\/li>\n<\/ul>\n<p><strong>F\u00fcr spezifische technische Eigenschaften kontaktieren Sie bitte unsere Verkaufsabteilung.<\/strong><\/p>\n","protected":false},"featured_media":259820,"comment_status":"open","ping_status":"closed","template":"","meta":{"_acf_changed":false,"_et_pb_use_builder":"","_et_pb_old_content":"","_et_gb_content_width":""},"product_brand":[],"product_cat":[177,157,153,175],"product_tag":[158,154],"class_list":{"0":"post-261528","1":"product","2":"type-product","3":"status-publish","4":"has-post-thumbnail","6":"product_cat-elektropumpen","7":"product_cat-industrie","8":"product_cat-keramikbereich","9":"product_cat-pumpen","10":"product_tag-industrie","11":"product_tag-keramikbereich","13":"first","14":"instock","15":"shipping-taxable","16":"product-type-simple"},"acf":[],"_links":{"self":[{"href":"https:\/\/bitecnology.com\/de\/wp-json\/wp\/v2\/product\/261528","targetHints":{"allow":["GET"]}}],"collection":[{"href":"https:\/\/bitecnology.com\/de\/wp-json\/wp\/v2\/product"}],"about":[{"href":"https:\/\/bitecnology.com\/de\/wp-json\/wp\/v2\/types\/product"}],"replies":[{"embeddable":true,"href":"https:\/\/bitecnology.com\/de\/wp-json\/wp\/v2\/comments?post=261528"}],"wp:featuredmedia":[{"embeddable":true,"href":"https:\/\/bitecnology.com\/de\/wp-json\/wp\/v2\/media\/259820"}],"wp:attachment":[{"href":"https:\/\/bitecnology.com\/de\/wp-json\/wp\/v2\/media?parent=261528"}],"wp:term":[{"taxonomy":"product_brand","embeddable":true,"href":"https:\/\/bitecnology.com\/de\/wp-json\/wp\/v2\/product_brand?post=261528"},{"taxonomy":"product_cat","embeddable":true,"href":"https:\/\/bitecnology.com\/de\/wp-json\/wp\/v2\/product_cat?post=261528"},{"taxonomy":"product_tag","embeddable":true,"href":"https:\/\/bitecnology.com\/de\/wp-json\/wp\/v2\/product_tag?post=261528"}],"curies":[{"name":"wp","href":"https:\/\/api.w.org\/{rel}","templated":true}]}}