{"id":261532,"date":"2023-06-16T08:25:46","date_gmt":"2023-06-16T08:25:46","guid":{"rendered":"https:\/\/bitecnology.com\/prodotto\/epv-fd-epv-id-vertikale-elektropumpe-mit-direktantrieb\/"},"modified":"2023-06-16T08:25:46","modified_gmt":"2023-06-16T06:25:46","slug":"epv-fd-epv-id-vertikale-elektropumpe-mit-direktantrieb","status":"publish","type":"product","link":"https:\/\/bitecnology.com\/de\/prodotto\/epv-fd-epv-id-vertikale-elektropumpe-mit-direktantrieb\/","title":{"rendered":"EPV-FD \/ EPV-ID Vertikale Elektropumpe mit Direktantrieb"},"content":{"rendered":"\n<table id=\"tablepress-67\" class=\"tablepress tablepress-id-67\">\n<thead>\n<tr class=\"row-1\">\n\t<th class=\"column-1\">Modello<\/th><th class=\"column-2\">KW<\/th><th class=\"column-3\">Poli<\/th>\n<\/tr>\n<\/thead>\n<tbody class=\"row-striping row-hover\">\n<tr class=\"row-2\">\n\t<td class=\"column-1\">EPV-FD-3<\/td><td class=\"column-2\">4<\/td><td class=\"column-3\">4<\/td>\n<\/tr>\n<tr class=\"row-3\">\n\t<td class=\"column-1\">EPV-ID-3<\/td><td class=\"column-2\">4<\/td><td class=\"column-3\">4<\/td>\n<\/tr>\n<tr class=\"row-4\">\n\t<td class=\"column-1\"><\/td><td class=\"column-2\"><\/td><td class=\"column-3\"><\/td>\n<\/tr>\n<tr class=\"row-5\">\n\t<td class=\"column-1\">EPV-FD-4<\/td><td class=\"column-2\">7.5<\/td><td class=\"column-3\">4<\/td>\n<\/tr>\n<tr class=\"row-6\">\n\t<td class=\"column-1\">EPV-ID-4<\/td><td class=\"column-2\">7.5<\/td><td class=\"column-3\">4<\/td>\n<\/tr>\n<tr class=\"row-7\">\n\t<td class=\"column-1\"><\/td><td class=\"column-2\"><\/td><td class=\"column-3\"><\/td>\n<\/tr>\n<tr class=\"row-8\">\n\t<td class=\"column-1\">EPV-FD-5<\/td><td class=\"column-2\">7.5<\/td><td class=\"column-3\">4<\/td>\n<\/tr>\n<tr class=\"row-9\">\n\t<td class=\"column-1\">EPV-ID-5<\/td><td class=\"column-2\">7.5<\/td><td class=\"column-3\">4<\/td>\n<\/tr>\n<tr class=\"row-10\">\n\t<td class=\"column-1\">EPV-FD-5<\/td><td class=\"column-2\">9.2<\/td><td class=\"column-3\">4<\/td>\n<\/tr>\n<tr class=\"row-11\">\n\t<td class=\"column-1\">EPV-ID-5<\/td><td class=\"column-2\">9.2<\/td><td class=\"column-3\">4<\/td>\n<\/tr>\n<tr class=\"row-12\">\n\t<td class=\"column-1\"><\/td><td class=\"column-2\"><\/td><td class=\"column-3\"><\/td>\n<\/tr>\n<tr class=\"row-13\">\n\t<td class=\"column-1\">EPV-FD-6<\/td><td class=\"column-2\">18.5<\/td><td class=\"column-3\">4<\/td>\n<\/tr>\n<tr class=\"row-14\">\n\t<td class=\"column-1\">EPV-ID-6<\/td><td class=\"column-2\">18.5<\/td><td class=\"column-3\">4<\/td>\n<\/tr>\n<tr class=\"row-15\">\n\t<td class=\"column-1\"><\/td><td class=\"column-2\"><\/td><td class=\"column-3\"><\/td>\n<\/tr>\n<tr class=\"row-16\">\n\t<td class=\"column-1\">EPV-FD-8<\/td><td class=\"column-2\">18.5<\/td><td class=\"column-3\">4<\/td>\n<\/tr>\n<tr class=\"row-17\">\n\t<td class=\"column-1\">EPV-ID-8<\/td><td class=\"column-2\">18.5<\/td><td class=\"column-3\">4<\/td>\n<\/tr>\n<\/tbody>\n<\/table>\n\n<span class=\"et_bloom_bottom_trigger\"><\/span>","protected":false},"excerpt":{"rendered":"<h2>VERTIKALE ELEKTROPUMPE<br \/>\nDIREKTANTRIEB<br \/>\nFRONTALE ODER INVERSE ANSAUGUNG<\/h2>\n<p>Die vertikalen Kreisel-Elektropumpen der Modelle EPV-FD und EPV-ID wurden speziell f\u00fcr die F\u00f6rderung hochabrasiver Fl\u00fcssigkeiten entwickelt, wie z. B.: keramische Schlicker, Glasuren, Schmutzwasser mit Schwebstoffen, Abw\u00e4sser, Sande, Granulate, Marmorschneidabf\u00e4lle, Abw\u00e4sser aus Stahlwerken, S\u00e4uren usw.<\/p>\n<p>Der Motor ist mit verst\u00e4rkten Lagern ausgestattet, um hohen mechanischen Belastungen standzuhalten.<br \/>\nDie offenen Laufr\u00e4der erm\u00f6glichen den Durchgang von Schwebstoffen, auch in gro\u00dfen Abmessungen (kontaktieren Sie unsere technische Abteilung f\u00fcr weitere Erl\u00e4uterungen).<\/p>\n<p>Geh\u00e4use und Laufr\u00e4der sind mit speziellen abriebfesten Gummimischungen beschichtet oder aus Hartlegierungen (Hardalloy) gefertigt.<\/p>\n<p>Die Pumpe EPV-D ist f\u00fcr die Aufstellung innerhalb des Tanks konzipiert.<br \/>\nDie Pumpe EPV-ID ist f\u00fcr die Aufstellung au\u00dferhalb des Tanks konzipiert.<\/p>\n<p>Diese Pumpenversion kann auch trocken laufen, da sie keine Dichtungen besitzt.<br \/>\nBeide Pumpen m\u00fcssen jedoch so positioniert werden, dass sich der Motor oberhalb des Fl\u00fcssigkeitsspiegels befindet.<\/p>\n<p><strong>Technische Daten:<\/strong><\/p>\n<ul>\n<li>Geh\u00e4use: Gusseisen<\/li>\n<li>Innenverkleidungen: austauschbar mit verschiedenen Arten von verschlei\u00dffestem Gummi<\/li>\n<li>Laufr\u00e4der: aus Speziallegierungen oder mit verschiedenen Arten von verschlei\u00dffestem Gummi beschichtet<\/li>\n<li>Dichtungen: NBR &#8211; Viton &#8211; PTFE &#8211; Silikon &#8211; EPDM &#8211; etc.<\/li>\n<li>Betriebstemperaturen: Nitrilbeschichtung von -10 \u00b0C bis +90 \u00b0C<\/li>\n<li>Einsatztemperaturen: Naturkautschukbeschichtung von -10 \u00b0C bis +60 \u00b0C<\/li>\n<\/ul>\n<p><strong>F\u00fcr spezifische technische Eigenschaften kontaktieren Sie bitte unsere Verkaufsabteilung.<\/strong><\/p>\n","protected":false},"featured_media":259823,"comment_status":"open","ping_status":"closed","template":"","meta":{"_acf_changed":false,"_et_pb_use_builder":"","_et_pb_old_content":"","_et_gb_content_width":""},"product_brand":[],"product_cat":[177,157,153,175],"product_tag":[158,154],"class_list":{"0":"post-261532","1":"product","2":"type-product","3":"status-publish","4":"has-post-thumbnail","6":"product_cat-elektropumpen","7":"product_cat-industrie","8":"product_cat-keramikbereich","9":"product_cat-pumpen","10":"product_tag-industrie","11":"product_tag-keramikbereich","13":"first","14":"instock","15":"shipping-taxable","16":"product-type-simple"},"acf":[],"_links":{"self":[{"href":"https:\/\/bitecnology.com\/de\/wp-json\/wp\/v2\/product\/261532","targetHints":{"allow":["GET"]}}],"collection":[{"href":"https:\/\/bitecnology.com\/de\/wp-json\/wp\/v2\/product"}],"about":[{"href":"https:\/\/bitecnology.com\/de\/wp-json\/wp\/v2\/types\/product"}],"replies":[{"embeddable":true,"href":"https:\/\/bitecnology.com\/de\/wp-json\/wp\/v2\/comments?post=261532"}],"wp:featuredmedia":[{"embeddable":true,"href":"https:\/\/bitecnology.com\/de\/wp-json\/wp\/v2\/media\/259823"}],"wp:attachment":[{"href":"https:\/\/bitecnology.com\/de\/wp-json\/wp\/v2\/media?parent=261532"}],"wp:term":[{"taxonomy":"product_brand","embeddable":true,"href":"https:\/\/bitecnology.com\/de\/wp-json\/wp\/v2\/product_brand?post=261532"},{"taxonomy":"product_cat","embeddable":true,"href":"https:\/\/bitecnology.com\/de\/wp-json\/wp\/v2\/product_cat?post=261532"},{"taxonomy":"product_tag","embeddable":true,"href":"https:\/\/bitecnology.com\/de\/wp-json\/wp\/v2\/product_tag?post=261532"}],"curies":[{"name":"wp","href":"https:\/\/api.w.org\/{rel}","templated":true}]}}