{"id":261536,"date":"2023-06-16T08:18:31","date_gmt":"2023-06-16T08:18:31","guid":{"rendered":"https:\/\/bitecnology.com\/prodotto\/var-behaelterpumpe-fahrbar-oder-stationaer\/"},"modified":"2023-06-16T08:18:31","modified_gmt":"2023-06-16T06:18:31","slug":"var-behaelterpumpe-fahrbar-oder-stationaer","status":"publish","type":"product","link":"https:\/\/bitecnology.com\/de\/prodotto\/var-behaelterpumpe-fahrbar-oder-stationaer\/","title":{"rendered":"VAR Beh\u00e4lterpumpe, fahrbar oder station\u00e4r"},"content":{"rendered":"<span class=\"et_bloom_bottom_trigger\"><\/span>","protected":false},"excerpt":{"rendered":"<h2>Vertikale Kreisel-Beh\u00e4lterpumpe VAR<\/h2>\n<p>Die vertikalen Kreisel-Beh\u00e4lterpumpen des Modells VAR wurden speziell f\u00fcr die Schwerkraftf\u00f6rderung stark abrasiver Fl\u00fcssigkeiten entwickelt, wie z. B.: keramische Schlicker, Glasuren, Schmutzwasser mit Schwebstoffen, Abwasser, Sand, Kies, Marmorschneidr\u00fcckst\u00e4nde, Abw\u00e4sser aus Stahlwerken, S\u00e4uren usw.<\/p>\n<p>Da sie \u00fcber keinerlei Gleitringdichtungen verf\u00fcgen, k\u00f6nnen diese Pumpen auch trocken laufen.<br \/>\nDurch den Zulauf per Schwerkraft sind diese Pumpen ideal f\u00fcr die Montage am Siebauslauf, am M\u00fchlenablass und f\u00fcr alle Anwendungen, bei denen die zu pumpende Fl\u00fcssigkeit nicht konstant flie\u00dft.<\/p>\n<p>Der Beh\u00e4lter besteht aus abgekantetem Edelstahlblech AISI 304 und kann je nach Kundenwunsch auf R\u00e4dern oder station\u00e4r montiert werden. Die Abmessungen des Beh\u00e4lters k\u00f6nnen auf Anfrage variieren.<br \/>\nAuf Anfrage sind Versionen mit Wellenf\u00fchrungshalterung und UNI-Motor, auch mit Riemenantrieb, erh\u00e4ltlich. <\/p>\n<p>Geh\u00e4use und Laufr\u00e4der sind mit speziellen abriebfesten Gummimischungen beschichtet oder aus Hartlegierungen (Hardalloy) gefertigt.<br \/>\nDie offenen Laufr\u00e4der erm\u00f6glichen den Durchgang von Schwebstoffen, auch in gro\u00dfen Abmessungen (kontaktieren Sie f\u00fcr Kl\u00e4rungen bitte unsere technische Abteilung).<\/p>\n<p><strong>Technische Daten:<\/strong><\/p>\n<ul>\n<li>Geh\u00e4use: Gusseisen<\/li>\n<li>Halterungen: falls vorhanden, aus Gusseisen<\/li>\n<li>Innenverkleidungen: austauschbar mit verschiedenen Arten von verschlei\u00dffestem Gummi<\/li>\n<li>Laufr\u00e4der: aus Speziallegierungen oder mit verschiedenen Arten von verschlei\u00dffestem Gummi beschichtet<\/li>\n<li>Betriebstemperaturen: Nitrilbeschichtung von -10 \u00b0C bis +90 \u00b0C<\/li>\n<li>Einsatztemperaturen: Naturgummibeschichtung von -10 \u00b0C bis +60 \u00b0C<\/li>\n<\/ul>\n<p><strong>F\u00fcr spezifische technische Eigenschaften kontaktieren Sie bitte unsere Verkaufsabteilung.<\/strong><\/p>\n<p>Standardmotoren ab Lager verf\u00fcgbar. F\u00fcr abweichende Konfigurationen wenden Sie sich bitte an unsere Verkaufsabteilung. <\/p>\n","protected":false},"featured_media":259815,"comment_status":"open","ping_status":"closed","template":"","meta":{"_acf_changed":false,"_et_pb_use_builder":"","_et_pb_old_content":"","_et_gb_content_width":""},"product_brand":[],"product_cat":[177,157,153,175],"product_tag":[158,154],"class_list":{"0":"post-261536","1":"product","2":"type-product","3":"status-publish","4":"has-post-thumbnail","6":"product_cat-elektropumpen","7":"product_cat-industrie","8":"product_cat-keramikbereich","9":"product_cat-pumpen","10":"product_tag-industrie","11":"product_tag-keramikbereich","13":"first","14":"instock","15":"shipping-taxable","16":"product-type-simple"},"acf":[],"_links":{"self":[{"href":"https:\/\/bitecnology.com\/de\/wp-json\/wp\/v2\/product\/261536","targetHints":{"allow":["GET"]}}],"collection":[{"href":"https:\/\/bitecnology.com\/de\/wp-json\/wp\/v2\/product"}],"about":[{"href":"https:\/\/bitecnology.com\/de\/wp-json\/wp\/v2\/types\/product"}],"replies":[{"embeddable":true,"href":"https:\/\/bitecnology.com\/de\/wp-json\/wp\/v2\/comments?post=261536"}],"wp:featuredmedia":[{"embeddable":true,"href":"https:\/\/bitecnology.com\/de\/wp-json\/wp\/v2\/media\/259815"}],"wp:attachment":[{"href":"https:\/\/bitecnology.com\/de\/wp-json\/wp\/v2\/media?parent=261536"}],"wp:term":[{"taxonomy":"product_brand","embeddable":true,"href":"https:\/\/bitecnology.com\/de\/wp-json\/wp\/v2\/product_brand?post=261536"},{"taxonomy":"product_cat","embeddable":true,"href":"https:\/\/bitecnology.com\/de\/wp-json\/wp\/v2\/product_cat?post=261536"},{"taxonomy":"product_tag","embeddable":true,"href":"https:\/\/bitecnology.com\/de\/wp-json\/wp\/v2\/product_tag?post=261536"}],"curies":[{"name":"wp","href":"https:\/\/api.w.org\/{rel}","templated":true}]}}