{"id":261556,"date":"2023-06-16T07:49:26","date_gmt":"2023-06-16T07:49:26","guid":{"rendered":"https:\/\/bitecnology.com\/prodotto\/laborruehrwerk-serie-lab\/"},"modified":"2023-06-16T07:49:26","modified_gmt":"2023-06-16T05:49:26","slug":"laborruehrwerk-serie-lab","status":"publish","type":"product","link":"https:\/\/bitecnology.com\/de\/prodotto\/laborruehrwerk-serie-lab\/","title":{"rendered":"Laborr\u00fchrwerk &#8211; Serie Lab"},"content":{"rendered":"<span class=\"et_bloom_bottom_trigger\"><\/span>","protected":false},"excerpt":{"rendered":"<h2>LABORR\u00dcHRWERK SERIE LAB<\/h2>\n<p><strong>Anwendungen:<\/strong><\/p>\n<p>Geeignet f\u00fcr den \u201eEinsatz in Laboren der Keramik-, Chemie-, Pharma- und Lebensmittelindustrie.<br \/>\nIdeal f\u00fcr die Herstellung kleiner Mengen fl\u00fcssiger Farben und allgemein \u00fcberall dort, wo kleine Mengen fl\u00fcssiger Produkte mittlerer Dichte und Viskosit\u00e4t gemischt werden m\u00fcssen.<\/p>\n<p><strong>Vorteile:<\/strong><\/p>\n<ul>\n<li>Da das R\u00fchrwerk nicht fest mit dem Beh\u00e4lter verbunden ist, kann es in Beh\u00e4ltern unterschiedlicher Gr\u00f6\u00dfe eingesetzt werden.<\/li>\n<li>Der vollelektrische Antrieb erleichtert dem Bediener die Handhabung des R\u00fchrwerks.<\/li>\n<li>H\u00f6chste Anwendungssicherheit.<\/li>\n<li>Einfache Bedienung.<\/li>\n<li>Geringe Kosten.<\/li>\n<li>Struktur komplett aus Edelstahl AISI 304<\/li>\n<li>Inverter zur Drehzahlregelung des R\u00fchrwerks.<\/li>\n<li>Lieferung in verschiedenen Konfigurationen und Montage zahlreicher Zubeh\u00f6rteile m\u00f6glich (z. B. Motoren mit unterschiedlichen Leistungen, verschiedene Abmessungen)<\/li>\n<\/ul>\n<p><strong>Technische und konstruktive Merkmale:<\/strong><\/p>\n<ul>\n<li>Hubstruktur und Wagen aus Edelstahl AISI 304<\/li>\n<li>Lineare Hubf\u00fchrung<\/li>\n<li>Hubantrieb mit Schneckengetriebemotor 0,009 kW<\/li>\n<li>Einstellbare Endlagenschalter<\/li>\n<li>Geh\u00e4use aus transparentem Plexiglas mit Sicherheitsschalter<\/li>\n<li>Schaltschrank Start-Stopp mit Schutzart IP 56, komplett mit: Hauptschalter, Schalter f\u00fcr Heben\/Senken des R\u00fchrwerks, Start-Stopp-Schalter mit Motorschutzschalter, Not-Aus-Pilztaster, Inverter zur Drehzahlregelung<\/li>\n<\/ul>\n","protected":false},"featured_media":259773,"comment_status":"open","ping_status":"closed","template":"","meta":{"_acf_changed":false,"_et_pb_use_builder":"","_et_pb_old_content":"","_et_gb_content_width":""},"product_brand":[],"product_cat":[178,179],"product_tag":[158,154,155,159],"class_list":{"0":"post-261556","1":"product","2":"type-product","3":"status-publish","4":"has-post-thumbnail","6":"product_cat-ruhrwerke","7":"product_cat-ruhrwerke-nach-typ","8":"product_tag-industrie","9":"product_tag-keramikbereich","10":"product_tag-lebensmittelbereich","11":"product_tag-pharmazeutischer-bereich","13":"first","14":"instock","15":"shipping-taxable","16":"product-type-simple"},"acf":[],"_links":{"self":[{"href":"https:\/\/bitecnology.com\/de\/wp-json\/wp\/v2\/product\/261556","targetHints":{"allow":["GET"]}}],"collection":[{"href":"https:\/\/bitecnology.com\/de\/wp-json\/wp\/v2\/product"}],"about":[{"href":"https:\/\/bitecnology.com\/de\/wp-json\/wp\/v2\/types\/product"}],"replies":[{"embeddable":true,"href":"https:\/\/bitecnology.com\/de\/wp-json\/wp\/v2\/comments?post=261556"}],"wp:featuredmedia":[{"embeddable":true,"href":"https:\/\/bitecnology.com\/de\/wp-json\/wp\/v2\/media\/259773"}],"wp:attachment":[{"href":"https:\/\/bitecnology.com\/de\/wp-json\/wp\/v2\/media?parent=261556"}],"wp:term":[{"taxonomy":"product_brand","embeddable":true,"href":"https:\/\/bitecnology.com\/de\/wp-json\/wp\/v2\/product_brand?post=261556"},{"taxonomy":"product_cat","embeddable":true,"href":"https:\/\/bitecnology.com\/de\/wp-json\/wp\/v2\/product_cat?post=261556"},{"taxonomy":"product_tag","embeddable":true,"href":"https:\/\/bitecnology.com\/de\/wp-json\/wp\/v2\/product_tag?post=261556"}],"curies":[{"name":"wp","href":"https:\/\/api.w.org\/{rel}","templated":true}]}}