{"id":261599,"date":"2023-06-15T15:49:28","date_gmt":"2023-06-15T15:49:28","guid":{"rendered":"https:\/\/bitecnology.com\/prodotto\/deferrizzatore-autopulente-per-liquidi-p-d-pa-219\/"},"modified":"2023-06-15T15:49:28","modified_gmt":"2023-06-15T13:49:28","slug":"deferrizzatore-autopulente-per-liquidi-p-d-pa-219","status":"publish","type":"product","link":"https:\/\/bitecnology.com\/de\/prodotto\/deferrizzatore-autopulente-per-liquidi-p-d-pa-219\/","title":{"rendered":"deferrizzatore autopulente per liquidi p.d.pa.219"},"content":{"rendered":"\n<table id=\"tablepress-54\" class=\"tablepress tablepress-id-54\">\n<thead>\n<tr class=\"row-1\">\n\t<th class=\"column-1\">Modello<br \/>\n<br \/>\nModel<br \/>\n<br \/>\nModelo<\/th><th class=\"column-2\">Valvola<br \/>\n<br \/>\nValve<br \/>\n<br \/>\nValvula<\/th><th class=\"column-3\">Portata<br \/>\n<br \/>\nCapacity<br \/>\n<br \/>\nCapacidad<\/th><th class=\"column-4\">Tensione<br \/>\n<br \/>\nTension<br \/>\n<br \/>\nTensi\u00f2n<\/th><th class=\"column-5\">Gauss<br \/>\n<br \/>\n<\/th>\n<\/tr>\n<\/thead>\n<tbody class=\"row-striping row-hover\">\n<tr class=\"row-2\">\n\t<td class=\"column-1\">PDPA219\/1M\t<\/td><td class=\"column-2\">manual.<\/td><td class=\"column-3\"> 9000 litri\/ora - litres\/hour - litros\/hora\t<\/td><td class=\"column-4\"> 230\/400 Volt.\t<\/td><td class=\"column-5\">13500<\/td>\n<\/tr>\n<tr class=\"row-3\">\n\t<td class=\"column-1\">PDPA219\/1A\t<\/td><td class=\"column-2\"> autom.\t<\/td><td class=\"column-3\"> 9000 litri\/ora - litres\/hour - litros\/hora \t<\/td><td class=\"column-4\"> 230\/400 Volt.\t<\/td><td class=\"column-5\">13500<\/td>\n<\/tr>\n<\/tbody>\n<\/table>\n\n<span class=\"et_bloom_bottom_trigger\"><\/span>","protected":false},"excerpt":{"rendered":"<h2>Selbstreinigender Druck-Eisenabscheider f\u00fcr Fl\u00fcssigkeiten P.D.PA.219<br \/>\nErh\u00e4ltlich mit manuellen oder automatischen Ventilen<\/h2>\n<p><strong>Anwendungen in der Keramikindustrie:<\/strong><\/p>\n<ul>\n<li>In der Glasurmahlungsabteilung (am Auslass der M\u00fchlen oder aus den Lagertanks).<\/li>\n<li>An den Glasurlinien (am Auslass der Lagertanks)<\/li>\n<li>In der Massenmahlungsabteilung (am Auslass der Siebe und am Auslass der Tanks).<\/li>\n<li>An der Kl\u00e4ranlage (zur Enteisenung von Abw\u00e4ssern)<\/li>\n<\/ul>\n<p><strong>Betriebszyklus:<\/strong><\/p>\n<p>Das fl\u00fcssige Produkt wird mittels einer Pumpe (nicht im Lieferumfang enthalten) von unten in den Druckbeh\u00e4lter geleitet. Durch den Kontakt mit den internen Magnetst\u00e4ben erfolgt die Enteisenung.<br \/>\nDie gereinigte Fl\u00fcssigkeit tritt oben aus.<\/p>\n<p>In regelm\u00e4\u00dfigen Abst\u00e4nden erfolgt eine R\u00fccksp\u00fclung des Beh\u00e4lters (Dauer ca. 50 Sekunden). Gleichzeitig werden die Magnetstabgeh\u00e4use (die mit dem Produkt in Kontakt stehen) entmagnetisiert, wodurch sich die Eisenanteile am Boden des Beh\u00e4lters absetzen und w\u00e4hrend der R\u00fccksp\u00fclung entfernt werden.<\/p>\n<p>Der gesamte Betriebszyklus \u2013 Entmagnetisierung der Magnetst\u00e4be, \u00d6ffnen und Schlie\u00dfen der Glasur- und Sp\u00fclwasserventile \u2013 ist \u00fcber die SPS im Schaltschrank an Bord der Maschine programmierbar.<br \/>\nDie Maschine kann mit einem oder mehreren Beh\u00e4ltern f\u00fcr den Parallel- oder Reihenbetrieb geliefert werden.<\/p>\n<p><strong>Vorteile:<\/strong><\/p>\n<ul>\n<li>Baumaterial in Kontakt mit dem Produkt: Edelstahl AISI 304 L<\/li>\n<li>Sehr geringer Energieverbrauch im Betrieb<\/li>\n<li>Sehr geringer Wasserverbrauch ca. 60 l\/h<\/li>\n<li>Leichte Reinigung (selbstreinigend)<\/li>\n<li>Langlebigkeit der Magnete (die Doppelummantelung sch\u00fctzt diese vor Feuchtigkeit)<\/li>\n<li>Nahezu vollst\u00e4ndiges Fehlen von schnell verschlei\u00dfenden Komponenten<\/li>\n<li>Die interne Magnetfalle h\u00e4lt das Produkt in Kontakt mit den Magnetst\u00e4ben und beg\u00fcnstigt so den Enteisenungseffekt.<\/li>\n<li>Geringer Platzbedarf.<\/li>\n<li>Einfache Integration in den Prozess.<\/li>\n<li>Es ist der einzige selbstreinigende Eisenabscheider, der mit Glasur funktioniert<\/li>\n<li>G\u00fcnstiger Preis.<\/li>\n<\/ul>\n<p><strong>Optionales Zubeh\u00f6r:<\/strong><\/p>\n<ul>\n<li>Magnetst\u00e4be f\u00fcr hohe Temperaturen<\/li>\n<li>Abriebfeste, gummibeschichtete Zentrifugalpumpe, entwickelt f\u00fcr den Tandembetrieb mit dem Eisenabscheider<\/li>\n<li>Ventile mit austauschbarer, abriebfester Gummimanschette<\/li>\n<li>Ventile in extra schwerer Ausf\u00fchrung<\/li>\n<li>Fahrgestell f\u00fcr den Transport<\/li>\n<li>Kit zur vollst\u00e4ndigen R\u00fcckgewinnung des Produkts vor dem Waschen<\/li>\n<\/ul>\n","protected":false},"featured_media":259711,"comment_status":"open","ping_status":"closed","template":"","meta":{"_acf_changed":false,"_et_pb_use_builder":"","_et_pb_old_content":"","_et_gb_content_width":""},"product_brand":[],"product_cat":[170,153,186],"product_tag":[154],"class_list":{"0":"post-261599","1":"product","2":"type-product","3":"status-publish","4":"has-post-thumbnail","6":"product_cat-enteisener-und-filter","7":"product_cat-keramikbereich","8":"product_cat-selbstreinigender-eisenabscheider-fur-flussigkeiten","9":"product_tag-keramikbereich","11":"first","12":"instock","13":"shipping-taxable","14":"product-type-simple"},"acf":[],"_links":{"self":[{"href":"https:\/\/bitecnology.com\/de\/wp-json\/wp\/v2\/product\/261599","targetHints":{"allow":["GET"]}}],"collection":[{"href":"https:\/\/bitecnology.com\/de\/wp-json\/wp\/v2\/product"}],"about":[{"href":"https:\/\/bitecnology.com\/de\/wp-json\/wp\/v2\/types\/product"}],"replies":[{"embeddable":true,"href":"https:\/\/bitecnology.com\/de\/wp-json\/wp\/v2\/comments?post=261599"}],"wp:featuredmedia":[{"embeddable":true,"href":"https:\/\/bitecnology.com\/de\/wp-json\/wp\/v2\/media\/259711"}],"wp:attachment":[{"href":"https:\/\/bitecnology.com\/de\/wp-json\/wp\/v2\/media?parent=261599"}],"wp:term":[{"taxonomy":"product_brand","embeddable":true,"href":"https:\/\/bitecnology.com\/de\/wp-json\/wp\/v2\/product_brand?post=261599"},{"taxonomy":"product_cat","embeddable":true,"href":"https:\/\/bitecnology.com\/de\/wp-json\/wp\/v2\/product_cat?post=261599"},{"taxonomy":"product_tag","embeddable":true,"href":"https:\/\/bitecnology.com\/de\/wp-json\/wp\/v2\/product_tag?post=261599"}],"curies":[{"name":"wp","href":"https:\/\/api.w.org\/{rel}","templated":true}]}}