{"id":261637,"date":"2023-05-29T12:25:31","date_gmt":"2023-05-29T12:25:31","guid":{"rendered":"https:\/\/bitecnology.com\/prodotto\/ruehrbottich-otto-800\/"},"modified":"2023-05-29T12:25:31","modified_gmt":"2023-05-29T10:25:31","slug":"ruehrbottich-otto-800","status":"publish","type":"product","link":"https:\/\/bitecnology.com\/de\/prodotto\/ruehrbottich-otto-800\/","title":{"rendered":"R\u00fchrbottich Otto 800"},"content":{"rendered":"\n<table id=\"tablepress-43\" class=\"tablepress tablepress-id-43\">\n<thead>\n<tr class=\"row-1\">\n\t<th class=\"column-1\">Modello<br \/>\n<br \/>\nModel<br \/>\n<br \/>\nModelo<\/th><th class=\"column-2\">Riduttore<br \/>\n<br \/>\nGearbox<br \/>\n<br \/>\nReductor<\/th><th class=\"column-3\">Potenza elettrica<br \/>\n<br \/>\nElectric power<br \/>\n<br \/>\nPotencia el\u00e8ttrica<\/th><th class=\"column-4\">peso<br \/>\n<br \/>\nweight<br \/>\n<br \/>\nkg<\/th><th class=\"column-5\">Capacit\u00e0<br \/>\n<br \/>\nCapacity<br \/>\n<br \/>\nCapacidad<\/th>\n<\/tr>\n<\/thead>\n<tbody class=\"row-striping row-hover\">\n<tr class=\"row-2\">\n\t<td class=\"column-1\">A 8<\/td><td class=\"column-2\">Rapp. 1:48,8 0.33 kw<\/td><td class=\"column-3\">kw 0,33<\/td><td class=\"column-4\">90<\/td><td class=\"column-5\">It 300<\/td>\n<\/tr>\n<\/tbody>\n<\/table>\n\n<p>&nbsp;<\/p>\n<span class=\"et_bloom_bottom_trigger\"><\/span>","protected":false},"excerpt":{"rendered":"<h2>R\u00dcHRBOTTICH IN ACHTERFORM 800<\/h2>\n<p>Geeignet zum R\u00fchren von Fl\u00fcssigkeiten mittlerer bis hoher Dichte und Viskosit\u00e4t, bei denen das Produkt durch langsame Rotation der Fl\u00fcgel bewegt wird.<br \/>\nAusgestattet mit einer Aufnahme f\u00fcr eine Vertikalpumpe.<\/p>\n<p><strong>Anwendungen:<\/strong><\/p>\n<ul>\n<li>In Kombination mit der Vertikalpumpe entlang der Glasurlinien besonders f\u00fcr die Speisung von Glocken oder Matrizen geeignet.<\/li>\n<\/ul>\n<p><strong>Vorteile:<\/strong><\/p>\n<ul>\n<li>Das langsame R\u00fchren der Fl\u00fcgel verhindert die Bildung von Luftblasen in der Glasur sowie deren Strukturverlust.<\/li>\n<li>Bei Nichtgebrauch kann die Pumpe entnommen werden; die Glasur wird durch die R\u00fchrfl\u00fcgel in Schwebe gehalten (z. B. \u00fcber Nacht).<\/li>\n<li>Maximale Einfachheit.<\/li>\n<li>Die fahrbare Ausf\u00fchrung erleichtert das Verschieben.<\/li>\n<li>G\u00fcnstiger Preis.<\/li>\n<\/ul>\n<p><strong>Optional:<\/strong><\/p>\n<ul>\n<li>Mechanische Drehzahlregler<\/li>\n<li>Inverter \/ Niederspannungsmotoren \/ andere Abmessungen: auf Anfrage erh\u00e4ltlich.<\/li>\n<\/ul>\n<p><strong>Kombinierbares Zubeh\u00f6r:<\/strong><\/p>\n<ul>\n<li>Vertikalpumpen.<\/li>\n<li>Vibrationssiebe f\u00fcr den Bottichrand<\/li>\n<li>Tauch-Magnetabscheider<\/li>\n<\/ul>\n","protected":false},"featured_media":259178,"comment_status":"open","ping_status":"closed","template":"","meta":{"_acf_changed":false,"_et_pb_use_builder":"","_et_pb_old_content":"","_et_gb_content_width":""},"product_brand":[],"product_cat":[153,195,196],"product_tag":[154],"class_list":{"0":"post-261637","1":"product","2":"type-product","3":"status-publish","4":"has-post-thumbnail","6":"product_cat-keramikbereich","7":"product_cat-ruhrbehalter","8":"product_cat-ruhrbehalter-2","9":"product_tag-keramikbereich","11":"first","12":"instock","13":"shipping-taxable","14":"product-type-simple"},"acf":[],"_links":{"self":[{"href":"https:\/\/bitecnology.com\/de\/wp-json\/wp\/v2\/product\/261637","targetHints":{"allow":["GET"]}}],"collection":[{"href":"https:\/\/bitecnology.com\/de\/wp-json\/wp\/v2\/product"}],"about":[{"href":"https:\/\/bitecnology.com\/de\/wp-json\/wp\/v2\/types\/product"}],"replies":[{"embeddable":true,"href":"https:\/\/bitecnology.com\/de\/wp-json\/wp\/v2\/comments?post=261637"}],"wp:featuredmedia":[{"embeddable":true,"href":"https:\/\/bitecnology.com\/de\/wp-json\/wp\/v2\/media\/259178"}],"wp:attachment":[{"href":"https:\/\/bitecnology.com\/de\/wp-json\/wp\/v2\/media?parent=261637"}],"wp:term":[{"taxonomy":"product_brand","embeddable":true,"href":"https:\/\/bitecnology.com\/de\/wp-json\/wp\/v2\/product_brand?post=261637"},{"taxonomy":"product_cat","embeddable":true,"href":"https:\/\/bitecnology.com\/de\/wp-json\/wp\/v2\/product_cat?post=261637"},{"taxonomy":"product_tag","embeddable":true,"href":"https:\/\/bitecnology.com\/de\/wp-json\/wp\/v2\/product_tag?post=261637"}],"curies":[{"name":"wp","href":"https:\/\/api.w.org\/{rel}","templated":true}]}}