{"id":261640,"date":"2023-05-29T12:10:37","date_gmt":"2023-05-29T12:10:37","guid":{"rendered":"https:\/\/bitecnology.com\/prodotto\/ruehrbottich-k3-b\/"},"modified":"2023-05-29T12:10:37","modified_gmt":"2023-05-29T10:10:37","slug":"ruehrbottich-k3-b","status":"publish","type":"product","link":"https:\/\/bitecnology.com\/de\/prodotto\/ruehrbottich-k3-b\/","title":{"rendered":"R\u00dcHRBOTTICH K3\/B"},"content":{"rendered":"\n<table id=\"tablepress-42\" class=\"tablepress tablepress-id-42\">\n<thead>\n<tr class=\"row-1\">\n\t<th class=\"column-1\">Modello<br \/>\n<br \/>\nModel<br \/>\n<br \/>\nModelo<\/th><th class=\"column-2\">Dimensioni A\/B\/C mm<br \/>\n<br \/>\nSizes<br \/>\n<br \/>\nDimensiones<\/th><th class=\"column-3\">Potenza elettrica<br \/>\n<br \/>\nElectric power<br \/>\n<br \/>\nPotencia el\u00e8ttrica<\/th><th class=\"column-4\">peso<br \/>\n<br \/>\nweight<br \/>\n<br \/>\nkg<\/th><th class=\"column-5\">Capacit\u00e0<br \/>\n<br \/>\nCapacity<br \/>\n<br \/>\nCapacidad<\/th>\n<\/tr>\n<\/thead>\n<tbody class=\"row-striping row-hover\">\n<tr class=\"row-2\">\n\t<td class=\"column-1\">K3\/B 600<\/td><td class=\"column-2\">460\/610\/600<\/td><td class=\"column-3\">kw 0,37+1,1<\/td><td class=\"column-4\">85<\/td><td class=\"column-5\">124<\/td>\n<\/tr>\n<tr class=\"row-3\">\n\t<td class=\"column-1\">K3\/B 800<\/td><td class=\"column-2\">560\/710\/800<\/td><td class=\"column-3\">kw 0,37+1,1<\/td><td class=\"column-4\">90<\/td><td class=\"column-5\">210<\/td>\n<\/tr>\n<tr class=\"row-4\">\n\t<td class=\"column-1\">K3\/B 900<\/td><td class=\"column-2\">660\/810\/900<\/td><td class=\"column-3\">kw 0,37+1,1<\/td><td class=\"column-4\">95<\/td><td class=\"column-5\">265<\/td>\n<\/tr>\n<tr class=\"row-5\">\n\t<td class=\"column-1\">K3\/B 1000<\/td><td class=\"column-2\">670\/910\/1000<\/td><td class=\"column-3\">kw 0,37+1,1<\/td><td class=\"column-4\">105<\/td><td class=\"column-5\">330<\/td>\n<\/tr>\n<\/tbody>\n<\/table>\n\n<p>&nbsp;<\/p>\n<span class=\"et_bloom_bottom_trigger\"><\/span>","protected":false},"excerpt":{"rendered":"<h3>MIT RECHEN UND R\u00dcHRPUMPE, UNABH\u00c4NGIGER MOTORANTRIEB<\/h3>\n<h3>K3\/B Durchmesser 600 \/ 800 \/ 900 \/ 1000 \/ 1200<\/h3>\n<p>Geeignet zum R\u00fchren und Pumpen von Fl\u00fcssigkeiten mit hoher Dichte und Viskosit\u00e4t, bei denen das Produkt durch eine langsame Rotation der Fl\u00fcgel bewegt wird.<\/p>\n<p><strong>Anwendungen:<\/strong><\/p>\n<ul>\n<li>In Glasurlinien besonders geeignet f\u00fcr die Speisung von Glocken, D\u00fcsen und Druckd\u00fcsen.<\/li>\n<\/ul>\n<p><strong>Vorteile:<\/strong><\/p>\n<ul>\n<li>Das langsame R\u00fchren der Fl\u00fcgel verhindert die Bildung von Luftblasen in der Glasur sowie deren Strukturverlust.<\/li>\n<li>Bei Nichtgebrauch kann die Pumpe gestoppt werden; die Glasur wird durch die R\u00fchrfl\u00fcgel in Schwebe gehalten, um ein Absetzen zu verhindern (z. B. nachts). <\/li>\n<li>M\u00f6glichkeit zur Montage verschiedener optionaler Zubeh\u00f6rteile (Filter, Siebe, Enteisner, Verstellgetriebemotoren, Invertermotoren, Spezialventile sowie Pumpen aus verschiedenen Materialien und mit unterschiedlichen F\u00f6rdermengen).<\/li>\n<li>Hohe Systemflexibilit\u00e4t durch den unabh\u00e4ngigen Antrieb von R\u00fchrwerk und Pumpe.<\/li>\n<li>Das Fehlen einer Gleitringdichtung an der Pumpe erm\u00f6glicht auch den Trockenlauf.<\/li>\n<li>Die fahrbare Ausf\u00fchrung erleichtert das Verschieben.<\/li>\n<li>Vollst\u00e4ndige Entleerung.<\/li>\n<li>G\u00fcnstiger Preis<\/li>\n<\/ul>\n<p><strong>F\u00fcr spezifische technische Eigenschaften wenden Sie sich bitte an unsere Verkaufsabteilung.<\/strong><\/p>\n","protected":false},"featured_media":259161,"comment_status":"open","ping_status":"closed","template":"","meta":{"_acf_changed":false,"_et_pb_use_builder":"","_et_pb_old_content":"","_et_gb_content_width":""},"product_brand":[],"product_cat":[153,195,196],"product_tag":[154],"class_list":{"0":"post-261640","1":"product","2":"type-product","3":"status-publish","4":"has-post-thumbnail","6":"product_cat-keramikbereich","7":"product_cat-ruhrbehalter","8":"product_cat-ruhrbehalter-2","9":"product_tag-keramikbereich","11":"first","12":"instock","13":"shipping-taxable","14":"product-type-simple"},"acf":[],"_links":{"self":[{"href":"https:\/\/bitecnology.com\/de\/wp-json\/wp\/v2\/product\/261640","targetHints":{"allow":["GET"]}}],"collection":[{"href":"https:\/\/bitecnology.com\/de\/wp-json\/wp\/v2\/product"}],"about":[{"href":"https:\/\/bitecnology.com\/de\/wp-json\/wp\/v2\/types\/product"}],"replies":[{"embeddable":true,"href":"https:\/\/bitecnology.com\/de\/wp-json\/wp\/v2\/comments?post=261640"}],"wp:featuredmedia":[{"embeddable":true,"href":"https:\/\/bitecnology.com\/de\/wp-json\/wp\/v2\/media\/259161"}],"wp:attachment":[{"href":"https:\/\/bitecnology.com\/de\/wp-json\/wp\/v2\/media?parent=261640"}],"wp:term":[{"taxonomy":"product_brand","embeddable":true,"href":"https:\/\/bitecnology.com\/de\/wp-json\/wp\/v2\/product_brand?post=261640"},{"taxonomy":"product_cat","embeddable":true,"href":"https:\/\/bitecnology.com\/de\/wp-json\/wp\/v2\/product_cat?post=261640"},{"taxonomy":"product_tag","embeddable":true,"href":"https:\/\/bitecnology.com\/de\/wp-json\/wp\/v2\/product_tag?post=261640"}],"curies":[{"name":"wp","href":"https:\/\/api.w.org\/{rel}","templated":true}]}}