{"id":261643,"date":"2023-05-29T10:50:12","date_gmt":"2023-05-29T10:50:12","guid":{"rendered":"https:\/\/bitecnology.com\/prodotto\/ruehrbehaelter-k2\/"},"modified":"2023-05-29T10:50:12","modified_gmt":"2023-05-29T08:50:12","slug":"ruehrbehaelter-k2","status":"publish","type":"product","link":"https:\/\/bitecnology.com\/de\/prodotto\/ruehrbehaelter-k2\/","title":{"rendered":"R\u00dcHRBEH\u00c4LTER K2"},"content":{"rendered":"\n<table id=\"tablepress-41\" class=\"tablepress tablepress-id-41\">\n<thead>\n<tr class=\"row-1\">\n\t<th class=\"column-1\">Modello<br \/>\n<br \/>\nModel<br \/>\n<br \/>\nModelo<\/th><th class=\"column-2\">Dimensioni A\/B mm<br \/>\n<br \/>\nSizes<br \/>\n<br \/>\nDimensiones<\/th><th class=\"column-3\">Potenza<br \/>\n<br \/>\nPower<br \/>\n<br \/>\nPotencia<\/th><th class=\"column-4\">peso<br \/>\n<br \/>\nweight<br \/>\n<br \/>\nkg<\/th><th class=\"column-5\">Capacit\u00e0<br \/>\n<br \/>\nCapacity<br \/>\n<br \/>\nCapacidad<\/th>\n<\/tr>\n<\/thead>\n<tbody class=\"row-striping row-hover\">\n<tr class=\"row-2\">\n\t<td class=\"column-1\">K2 600<\/td><td class=\"column-2\">1320\/600<\/td><td class=\"column-3\">1,1 kw<\/td><td class=\"column-4\">72<\/td><td class=\"column-5\">It 124<\/td>\n<\/tr>\n<tr class=\"row-3\">\n\t<td class=\"column-1\">K2 800<\/td><td class=\"column-2\">1320\/800<\/td><td class=\"column-3\">1,1 kw<\/td><td class=\"column-4\">81<\/td><td class=\"column-5\">It 210<\/td>\n<\/tr>\n<tr class=\"row-4\">\n\t<td class=\"column-1\">K2 900<\/td><td class=\"column-2\">1320\/900<\/td><td class=\"column-3\">1,1 kw<\/td><td class=\"column-4\">93<\/td><td class=\"column-5\">It 265<\/td>\n<\/tr>\n<tr class=\"row-5\">\n\t<td class=\"column-1\">K2 1000<\/td><td class=\"column-2\">1320\/1000<\/td><td class=\"column-3\">l,2kw<\/td><td class=\"column-4\">105<\/td><td class=\"column-5\">It 330<\/td>\n<\/tr>\n<\/tbody>\n<\/table>\n\n<p>&nbsp;<\/p>\n<span class=\"et_bloom_bottom_trigger\"><\/span>","protected":false},"excerpt":{"rendered":"<h2>BEH\u00c4LTER MIT LANGSAMEM R\u00dcHRWERK UND VERTIKALER ZENTRIFUGALPUMPE<\/h2>\n<h3>Antrieb durch einen einzigen Elektromotor<\/h3>\n<h3>K2 600 800 900 1000<\/h3>\n<p>Geeignet zum R\u00fchren und Pumpen von Fl\u00fcssigkeiten mit hoher Dichte und Viskosit\u00e4t.<br \/>\nEmpfohlen f\u00fcr alle Fl\u00fcssigkeiten, die eine langsame R\u00fchrbewegung der Fl\u00fcgel erfordern.<\/p>\n<p><strong>Anwendungen:<\/strong><\/p>\n<ul>\n<li>Einsatz in der Keramikindustrie an Glasurlinien f\u00fcr Glocken und Matrizen.<\/li>\n<\/ul>\n<p><strong>Vorteile:<\/strong><\/p>\n<ul>\n<li style=\"list-style-type: none;\">\n<ul>\n<li>Die langsame R\u00fchrbewegung verhindert die Bildung von Luftblasen in der Glasur.<\/li>\n<li>Die hohe Qualit\u00e4t der Komponenten garantiert eine extrem lange Lebensdauer der Maschine.<\/li>\n<li>Minimaler Energieverbrauch durch Einzelmotorisierung f\u00fcr Pumpe und R\u00fchrwerk.<\/li>\n<li>Hocheffizientes Koaxialgetriebe.<\/li>\n<li>Elastische Sternkupplung.<\/li>\n<li>Pumpengeh\u00e4use aus Gusseisen mit abriebfester Gummibeschichtung.<\/li>\n<li>Keine Gleitringdichtungen an der Pumpe (Trockenlauf m\u00f6glich).<\/li>\n<li>Die fahrbare Ausf\u00fchrung erleichtert das Verschieben.<\/li>\n<\/ul>\n<\/li>\n<\/ul>\n<p>&lt;<\/p>\n<ul>\n<li>Vollst\u00e4ndige Entleerung.<\/li>\n<\/ul>\n<p><strong>Optional:<\/strong><\/p>\n<ul>\n<li>Seitlicher Schacht.<\/li>\n<li>Deckel aus Blech oder Gitter.<\/li>\n<li>Inverter.<\/li>\n<li>Niederspannungsmotor (42-48-60 V).<\/li>\n<li>Motor mit zwei Geschwindigkeiten.<\/li>\n<li>Vibrationssieb Lem 220.<\/li>\n<li>Magnetabscheider.<\/li>\n<li>Filter.<\/li>\n<li>Pumpen mit unterschiedlichen F\u00f6rdermengen oder aus verschiedenen Materialien.<\/li>\n<li>Pumpenlaufr\u00e4der aus verschiedenen Materialien.<\/li>\n<li>Spezialventile aus verschiedenen Materialien.<\/li>\n<li>Abmessungen abweichend vom Standard.<\/li>\n<\/ul>\n","protected":false},"featured_media":259149,"comment_status":"open","ping_status":"closed","template":"","meta":{"_acf_changed":false,"_et_pb_use_builder":"","_et_pb_old_content":"","_et_gb_content_width":""},"product_brand":[],"product_cat":[153,195,196],"product_tag":[154],"class_list":{"0":"post-261643","1":"product","2":"type-product","3":"status-publish","4":"has-post-thumbnail","6":"product_cat-keramikbereich","7":"product_cat-ruhrbehalter","8":"product_cat-ruhrbehalter-2","9":"product_tag-keramikbereich","11":"first","12":"instock","13":"shipping-taxable","14":"product-type-simple"},"acf":[],"_links":{"self":[{"href":"https:\/\/bitecnology.com\/de\/wp-json\/wp\/v2\/product\/261643","targetHints":{"allow":["GET"]}}],"collection":[{"href":"https:\/\/bitecnology.com\/de\/wp-json\/wp\/v2\/product"}],"about":[{"href":"https:\/\/bitecnology.com\/de\/wp-json\/wp\/v2\/types\/product"}],"replies":[{"embeddable":true,"href":"https:\/\/bitecnology.com\/de\/wp-json\/wp\/v2\/comments?post=261643"}],"wp:featuredmedia":[{"embeddable":true,"href":"https:\/\/bitecnology.com\/de\/wp-json\/wp\/v2\/media\/259149"}],"wp:attachment":[{"href":"https:\/\/bitecnology.com\/de\/wp-json\/wp\/v2\/media?parent=261643"}],"wp:term":[{"taxonomy":"product_brand","embeddable":true,"href":"https:\/\/bitecnology.com\/de\/wp-json\/wp\/v2\/product_brand?post=261643"},{"taxonomy":"product_cat","embeddable":true,"href":"https:\/\/bitecnology.com\/de\/wp-json\/wp\/v2\/product_cat?post=261643"},{"taxonomy":"product_tag","embeddable":true,"href":"https:\/\/bitecnology.com\/de\/wp-json\/wp\/v2\/product_tag?post=261643"}],"curies":[{"name":"wp","href":"https:\/\/api.w.org\/{rel}","templated":true}]}}