{"id":261686,"date":"2023-05-17T10:31:52","date_gmt":"2023-05-17T10:31:52","guid":{"rendered":"https:\/\/bitecnology.com\/prodotto\/glasurlinie-mit-elektropumpen\/"},"modified":"2023-05-17T10:31:52","modified_gmt":"2023-05-17T08:31:52","slug":"glasurlinie-mit-elektropumpen","status":"publish","type":"product","link":"https:\/\/bitecnology.com\/de\/prodotto\/glasurlinie-mit-elektropumpen\/","title":{"rendered":"GLASURLINIE MIT ELEKTROPUMPEN"},"content":{"rendered":"\n<table id=\"tablepress-14\" class=\"tablepress tablepress-id-14\">\n<thead>\n<tr class=\"row-1\">\n\t<th class=\"column-1\">Modello<br \/>\nModel<br \/>\nModelo<\/th><th class=\"column-2\">Materiale costruttivo <br \/>\nMaterial of construction <br \/>\nMaterial de construcci\u00f3n<\/th><th class=\"column-3\">Potenza elettrica <br \/>\nElectric power <br \/>\nPotencia el\u00e9ctrica<\/th><th class=\"column-4\">RPM<\/th><th class=\"column-5\">Superf\u00ecce vagllante per plano <br \/>\nScreening surface for deck <br \/>\nSuperficie de cribado para planos<\/th>\n<\/tr>\n<\/thead>\n<tbody class=\"row-striping row-hover\">\n<tr class=\"row-2\">\n\t<td class=\"column-1\">GRS 450<\/td><td class=\"column-2\">Incoe AISI 304 L\/ Stainless Steel \/ Inoxidable<\/td><td class=\"column-3\">0,19 Kw.<\/td><td class=\"column-4\">3000<\/td><td class=\"column-5\">Mq. \/ Sq. mt. \/ M2 0,105<\/td>\n<\/tr>\n<tr class=\"row-3\">\n\t<td class=\"column-1\">GRS 600<\/td><td class=\"column-2\">Incoe AISI 304 L\/ Stainless Steel \/ Inoxidable<\/td><td class=\"column-3\">0,19 Kw.<\/td><td class=\"column-4\">3000<\/td><td class=\"column-5\">Mq. \/Sq.mt.\/M2 0,265<\/td>\n<\/tr>\n<tr class=\"row-4\">\n\t<td class=\"column-1\">GRS 800<\/td><td class=\"column-2\">Incoe AISI 304 L\/ Stainless Steel \/ Inoxidable<\/td><td class=\"column-3\">0,19 Kw.<\/td><td class=\"column-4\">3000<\/td><td class=\"column-5\">Mq. \/Sq.mt.\/M2 0,425<\/td>\n<\/tr>\n<tr class=\"row-5\">\n\t<td class=\"column-1\">GRS 800S<\/td><td class=\"column-2\">Incoe AISI 304 L\/ Stainless Steel \/ Inoxidable<\/td><td class=\"column-3\">0,42 Kw.<\/td><td class=\"column-4\">3000<\/td><td class=\"column-5\">Mq. \/Sq.mt.\/M2 0,377<\/td>\n<\/tr>\n<tr class=\"row-6\">\n\t<td class=\"column-1\">GRS 900<\/td><td class=\"column-2\">Incoe AISI 304 L\/ Stainless Steel \/ Inoxidable<\/td><td class=\"column-3\">0,52 Kw.<\/td><td class=\"column-4\">3000<\/td><td class=\"column-5\">Mq. \/Sq.mt.\/M2 0,588<\/td>\n<\/tr>\n<tr class=\"row-7\">\n\t<td class=\"column-1\">GRS 1200<\/td><td class=\"column-2\">Incoe AISI 304 L\/ Stainless Steel \/ Inoxidable<\/td><td class=\"column-3\">2,00 Kw.<\/td><td class=\"column-4\">3000<\/td><td class=\"column-5\">Mq. \/Sq.mt.\/M2 0,935<\/td>\n<\/tr>\n<tr class=\"row-8\">\n\t<td class=\"column-1\">GRS 1500<\/td><td class=\"column-2\">Incoe AISI 304 L\/ Stainless Steel \/ Inoxidable<\/td><td class=\"column-3\">3,00 Kw.<\/td><td class=\"column-4\">3000<\/td><td class=\"column-5\">Mq. \/ Sq. mt. \/ M2 1,575<\/td>\n<\/tr>\n<tr class=\"row-9\">\n\t<td class=\"column-1\">POMPA\/PUMP BOMBA<\/td><td class=\"column-2\">Incoe AISI 304 L.\/ Stainless Steel \/ Inoxidable Ghisa + gomma antiabrasiva Foundry iron + anti-abrasive rubber Arrabio + goma antiabrasiva<\/td><td class=\"column-3\">0.37\/0.75 Kw<\/td><td class=\"column-4\">3000<\/td><td class=\"column-5\">II<\/td>\n<\/tr>\n<\/tbody>\n<\/table>\n\n<p>Auf Anfrage wird jede Art von Enteisungssystem installiert<\/p>\n<p>Verf\u00fcgbar mit verschiedenen Leistungen und F\u00f6rderh\u00f6hen<\/p>\n<p>&nbsp;<\/p>\n<span class=\"et_bloom_bottom_trigger\"><\/span>","protected":false},"excerpt":{"rendered":"<p>Auf Anfrage wird jede Art von Enteisungssystem installiert Verf\u00fcgbar mit verschiedenen Leistungen und F\u00f6rderh\u00f6hen &nbsp;<\/p>\n","protected":false},"featured_media":258690,"comment_status":"open","ping_status":"closed","template":"","meta":{"_acf_changed":false,"_et_pb_use_builder":"","_et_pb_old_content":"","_et_gb_content_width":""},"product_brand":[],"product_cat":[160,157,153,150],"product_tag":[158,154],"class_list":{"0":"post-261686","1":"product","2":"type-product","3":"status-publish","4":"has-post-thumbnail","6":"product_cat-fahrbare-gruppen-fur-muhlenentleerung","7":"product_cat-industrie","8":"product_cat-keramikbereich","9":"product_cat-vibrationssiebe","10":"product_tag-industrie","11":"product_tag-keramikbereich","13":"first","14":"instock","15":"shipping-taxable","16":"product-type-simple"},"acf":[],"_links":{"self":[{"href":"https:\/\/bitecnology.com\/de\/wp-json\/wp\/v2\/product\/261686","targetHints":{"allow":["GET"]}}],"collection":[{"href":"https:\/\/bitecnology.com\/de\/wp-json\/wp\/v2\/product"}],"about":[{"href":"https:\/\/bitecnology.com\/de\/wp-json\/wp\/v2\/types\/product"}],"replies":[{"embeddable":true,"href":"https:\/\/bitecnology.com\/de\/wp-json\/wp\/v2\/comments?post=261686"}],"wp:featuredmedia":[{"embeddable":true,"href":"https:\/\/bitecnology.com\/de\/wp-json\/wp\/v2\/media\/258690"}],"wp:attachment":[{"href":"https:\/\/bitecnology.com\/de\/wp-json\/wp\/v2\/media?parent=261686"}],"wp:term":[{"taxonomy":"product_brand","embeddable":true,"href":"https:\/\/bitecnology.com\/de\/wp-json\/wp\/v2\/product_brand?post=261686"},{"taxonomy":"product_cat","embeddable":true,"href":"https:\/\/bitecnology.com\/de\/wp-json\/wp\/v2\/product_cat?post=261686"},{"taxonomy":"product_tag","embeddable":true,"href":"https:\/\/bitecnology.com\/de\/wp-json\/wp\/v2\/product_tag?post=261686"}],"curies":[{"name":"wp","href":"https:\/\/api.w.org\/{rel}","templated":true}]}}