{"id":261702,"date":"2023-05-10T10:12:46","date_gmt":"2023-05-10T10:12:46","guid":{"rendered":"https:\/\/bitecnology.com\/prodotto\/zubehoer-fuer-ruehrwerksbehaelter\/"},"modified":"2023-05-10T10:12:46","modified_gmt":"2023-05-10T08:12:46","slug":"zubehoer-fuer-ruehrwerksbehaelter","status":"publish","type":"product","link":"https:\/\/bitecnology.com\/de\/prodotto\/zubehoer-fuer-ruehrwerksbehaelter\/","title":{"rendered":"zubeh\u00f6r f\u00fcr r\u00fchrwerksbeh\u00e4lter"},"content":{"rendered":"<span class=\"et_bloom_bottom_trigger\"><\/span>","protected":false},"excerpt":{"rendered":"","protected":false},"featured_media":260118,"comment_status":"open","ping_status":"closed","template":"","meta":{"_acf_changed":false,"_et_pb_use_builder":"","_et_pb_old_content":"","_et_gb_content_width":""},"product_brand":[],"product_cat":[157,153,195,200],"product_tag":[158,154],"class_list":{"0":"post-261702","1":"product","2":"type-product","3":"status-publish","4":"has-post-thumbnail","6":"product_cat-industrie","7":"product_cat-keramikbereich","8":"product_cat-ruhrbehalter","9":"product_cat-zubehor-fur-ruhrwerksbehalter","10":"product_tag-industrie","11":"product_tag-keramikbereich","13":"first","14":"instock","15":"shipping-taxable","16":"product-type-simple"},"acf":[],"_links":{"self":[{"href":"https:\/\/bitecnology.com\/de\/wp-json\/wp\/v2\/product\/261702","targetHints":{"allow":["GET"]}}],"collection":[{"href":"https:\/\/bitecnology.com\/de\/wp-json\/wp\/v2\/product"}],"about":[{"href":"https:\/\/bitecnology.com\/de\/wp-json\/wp\/v2\/types\/product"}],"replies":[{"embeddable":true,"href":"https:\/\/bitecnology.com\/de\/wp-json\/wp\/v2\/comments?post=261702"}],"wp:featuredmedia":[{"embeddable":true,"href":"https:\/\/bitecnology.com\/de\/wp-json\/wp\/v2\/media\/260118"}],"wp:attachment":[{"href":"https:\/\/bitecnology.com\/de\/wp-json\/wp\/v2\/media?parent=261702"}],"wp:term":[{"taxonomy":"product_brand","embeddable":true,"href":"https:\/\/bitecnology.com\/de\/wp-json\/wp\/v2\/product_brand?post=261702"},{"taxonomy":"product_cat","embeddable":true,"href":"https:\/\/bitecnology.com\/de\/wp-json\/wp\/v2\/product_cat?post=261702"},{"taxonomy":"product_tag","embeddable":true,"href":"https:\/\/bitecnology.com\/de\/wp-json\/wp\/v2\/product_tag?post=261702"}],"curies":[{"name":"wp","href":"https:\/\/api.w.org\/{rel}","templated":true}]}}